{"id":4217,"date":"2023-04-06T10:55:03","date_gmt":"2023-04-06T08:55:03","guid":{"rendered":"https:\/\/www.ikbg.net\/veroeffentlichungen\/publikationen\/"},"modified":"2023-06-10T11:17:32","modified_gmt":"2023-06-10T09:17:32","slug":"publications","status":"publish","type":"page","link":"https:\/\/www.ikbg.net\/en\/home-publications\/publications\/","title":{"rendered":"Publications"},"content":{"rendered":"\t\t<div data-elementor-type=\"wp-page\" data-elementor-id=\"4217\" class=\"elementor elementor-4217 elementor-2366\" data-elementor-post-type=\"page\">\n\t\t\t\t\t\t<section class=\"elementor-section elementor-top-section elementor-element elementor-element-c1eaecd elementor-section-full_width elementor-section-stretched elementor-section-height-default elementor-section-height-default\" data-id=\"c1eaecd\" data-element_type=\"section\" data-e-type=\"section\" data-settings=\"{&quot;stretch_section&quot;:&quot;section-stretched&quot;,&quot;background_background&quot;:&quot;classic&quot;}\">\n\t\t\t\t\t\t<div class=\"elementor-container elementor-column-gap-default\">\n\t\t\t\t\t<div class=\"elementor-column elementor-col-50 elementor-top-column elementor-element elementor-element-0490bd1\" data-id=\"0490bd1\" data-element_type=\"column\" data-e-type=\"column\" data-settings=\"{&quot;background_background&quot;:&quot;classic&quot;}\">\n\t\t\t<div class=\"elementor-widget-wrap elementor-element-populated\">\n\t\t\t\t\t\t<div class=\"elementor-element elementor-element-c88bda3 elementor-widget elementor-widget-spacer\" data-id=\"c88bda3\" data-element_type=\"widget\" data-e-type=\"widget\" data-widget_type=\"spacer.default\">\n\t\t\t\t<div class=\"elementor-widget-container\">\n\t\t\t\t\t\t\t<div class=\"elementor-spacer\">\n\t\t\t<div class=\"elementor-spacer-inner\"><\/div>\n\t\t<\/div>\n\t\t\t\t\t\t<\/div>\n\t\t\t\t<\/div>\n\t\t\t\t\t<\/div>\n\t\t<\/div>\n\t\t\t\t<div class=\"elementor-column elementor-col-50 elementor-top-column elementor-element elementor-element-591e523\" data-id=\"591e523\" data-element_type=\"column\" data-e-type=\"column\">\n\t\t\t<div class=\"elementor-widget-wrap elementor-element-populated\">\n\t\t\t\t\t\t<div class=\"elementor-element elementor-element-2943e21 elementor-widget elementor-widget-heading\" data-id=\"2943e21\" data-element_type=\"widget\" data-e-type=\"widget\" data-widget_type=\"heading.default\">\n\t\t\t\t<div class=\"elementor-widget-container\">\n\t\t\t\t\t<h2 class=\"elementor-heading-title elementor-size-default\">Publications<\/h2>\t\t\t\t<\/div>\n\t\t\t\t<\/div>\n\t\t\t\t<div class=\"elementor-element elementor-element-eb4c759 elementor-widget__width-initial listelink elementor-widget elementor-widget-text-editor\" data-id=\"eb4c759\" data-element_type=\"widget\" data-e-type=\"widget\" data-widget_type=\"text-editor.default\">\n\t\t\t\t<div class=\"elementor-widget-container\">\n\t\t\t\t\t\t\t\t\t<div class=\"sidebox\"><div class=\"sidebox\"><p>Hier finden Sie als Download interessante Ver\u00f6ffentlichungen zu verschiedenen Themen.<\/p><ul><li><a href=\"https:\/\/www.ikbg.net\/pdf\/bekenntnisoekumene.pdf\" target=\"_blank\" rel=\"noopener\">Neue Handreichung<\/a><br \/><br \/><\/li><li><a href=\"https:\/\/www.ikbg.net\/pdf\/CSchirrmacher_christeninislamischengesell.pdf\" target=\"_blank\" rel=\"noopener\">&#8220;Christen in islamischen Gesellschaften&#8221; (Christine Schirrmacher)<\/a><br \/><br \/><\/li><li><a href=\"https:\/\/www.ikbg.net\/pdf\/ThSchirrmacher_verfolbi.pdf\" target=\"_blank\" rel=\"noopener\">&#8220;Christenverfolgung geht uns alle an&#8221; (Thomas Schirrmacher)<\/a><br \/><br \/><\/li><li><a href=\"https:\/\/www.ikbg.net\/pdf\/boee.pdf\" target=\"_blank\" rel=\"noopener\">Die Berliner \u00d6kumene Erkl\u00e4rung &#8220;Freiheit und Gemeinschaft in Christus&#8221;<\/a><br \/><br \/><\/li><li><a href=\"https:\/\/www.ikbg.net\/pdf\/fe.pdf\" target=\"_blank\" rel=\"noopener\">Die Frankfurter Erkl\u00e4rung zur Grundlagenkrise der Mission<\/a><br \/><br \/><\/li><li><a href=\"https:\/\/www.ikbg.net\/pdf\/gae.pdf\" target=\"_blank\" rel=\"noopener\">&#8220;Glaubw\u00fcrdigkeit, Autorit\u00e4t und Einheit der Heiligen Schrift&#8221;<\/a><br \/>Ein Wort des Theologischen Konvents Bekennender Gemeinschaften zur Klarstellung und Ermutigung.<br \/><br \/><\/li><li><a href=\"https:\/\/www.ikbg.net\/pdf\/noe.pdf\" target=\"_blank\" rel=\"noopener\">&#8220;Juden, Christen, und Muslime vereint f\u00fcr den Frieden? Der Nahostkonflikt in biblisch-heilsgeschichtlicher Sicht&#8221;<\/a><br \/>Orientierungshilfe des Theologischen Konvents Bekennender Gemeinschaften zum tieferen Verst\u00e4ndnis der Auseinandersetzungen im Heiligen Land und ihrer internationalen Auswirkungen.<br \/><br \/><\/li><li><a href=\"https:\/\/www.ikbg.net\/pdf\/JerusalemGAFCON2008.pdf\" target=\"_blank\" rel=\"noopener\">Erkl\u00e4rung \u00fcber die globale Zukunft der Anglikanischen Gemeinschaft<\/a><\/li><\/ul><\/div><\/div>\t\t\t\t\t\t\t\t<\/div>\n\t\t\t\t<\/div>\n\t\t\t\t\t<\/div>\n\t\t<\/div>\n\t\t\t\t\t<\/div>\n\t\t<\/section>\n\t\t\t\t<section class=\"elementor-section elementor-top-section elementor-element elementor-element-7513514 elementor-section-boxed elementor-section-height-default elementor-section-height-default\" data-id=\"7513514\" data-element_type=\"section\" data-e-type=\"section\" data-settings=\"{&quot;background_background&quot;:&quot;classic&quot;}\">\n\t\t\t\t\t\t<div class=\"elementor-container elementor-column-gap-default\">\n\t\t\t\t\t<div class=\"elementor-column elementor-col-100 elementor-top-column elementor-element elementor-element-b9183eb\" data-id=\"b9183eb\" data-element_type=\"column\" data-e-type=\"column\">\n\t\t\t<div class=\"elementor-widget-wrap elementor-element-populated\">\n\t\t\t\t\t\t<div class=\"elementor-element elementor-element-e14ef65 elementor-widget elementor-widget-heading\" data-id=\"e14ef65\" data-element_type=\"widget\" data-e-type=\"widget\" data-widget_type=\"heading.default\">\n\t\t\t\t<div class=\"elementor-widget-container\">\n\t\t\t\t\t<h2 class=\"elementor-heading-title elementor-size-default\">Further publications<\/h2>\t\t\t\t<\/div>\n\t\t\t\t<\/div>\n\t\t\t\t<section class=\"elementor-section elementor-inner-section elementor-element elementor-element-e36c00f elementor-section-boxed elementor-section-height-default elementor-section-height-default\" data-id=\"e36c00f\" data-element_type=\"section\" data-e-type=\"section\">\n\t\t\t\t\t\t<div class=\"elementor-container elementor-column-gap-default\">\n\t\t\t\t\t<div class=\"elementor-column elementor-col-33 elementor-inner-column elementor-element elementor-element-1026cd0\" data-id=\"1026cd0\" data-element_type=\"column\" data-e-type=\"column\" data-settings=\"{&quot;background_background&quot;:&quot;classic&quot;}\">\n\t\t\t<div class=\"elementor-widget-wrap elementor-element-populated\">\n\t\t\t\t\t\t<div class=\"elementor-element elementor-element-143e51d elementor-cta--valign-top elementor-widget__width-inherit elementor-widget-mobile__width-inherit elementor-widget-laptop__width-inherit elementor-cta--skin-classic elementor-animated-content elementor-widget elementor-widget-call-to-action\" data-id=\"143e51d\" data-element_type=\"widget\" data-e-type=\"widget\" data-widget_type=\"call-to-action.default\">\n\t\t\t\t<div class=\"elementor-widget-container\">\n\t\t\t\t\t\t\t<a class=\"elementor-cta\" href=\"https:\/\/www.ikbg.net\/en\/veroeffentlichungen\/theological-statements\/\">\n\t\t\t\t\t<div class=\"elementor-cta__bg-wrapper\">\n\t\t\t\t<div class=\"elementor-cta__bg elementor-bg\" style=\"background-image: url(https:\/\/www.ikbg.net\/wp-content\/uploads\/2023\/04\/theologische-erklaerungen-teaser-v2.jpg);\" role=\"img\" aria-label=\"theologische-erklaerungen-teaser-v2\"><\/div>\n\t\t\t\t<div class=\"elementor-cta__bg-overlay\"><\/div>\n\t\t\t<\/div>\n\t\t\t\t\t\t\t<div class=\"elementor-cta__content\">\n\t\t\t\t\n\t\t\t\t\t\t\t\t\t<h4 class=\"elementor-cta__title elementor-cta__content-item elementor-content-item\">\n\t\t\t\t\t\tTheological Statements\t\t\t\t\t<\/h4>\n\t\t\t\t\n\t\t\t\t\n\t\t\t\t\t\t\t\t\t<div class=\"elementor-cta__button-wrapper elementor-cta__content-item elementor-content-item \">\n\t\t\t\t\t<span class=\"elementor-cta__button elementor-button elementor-size-md\">\n\t\t\t\t\t\tMore information\t\t\t\t\t<\/span>\n\t\t\t\t\t<\/div>\n\t\t\t\t\t\t\t<\/div>\n\t\t\t\t\t\t<\/a>\n\t\t\t\t\t\t<\/div>\n\t\t\t\t<\/div>\n\t\t\t\t\t<\/div>\n\t\t<\/div>\n\t\t\t\t<div class=\"elementor-column elementor-col-33 elementor-inner-column elementor-element elementor-element-8c98cfd\" data-id=\"8c98cfd\" data-element_type=\"column\" data-e-type=\"column\" data-settings=\"{&quot;background_background&quot;:&quot;classic&quot;}\">\n\t\t\t<div class=\"elementor-widget-wrap elementor-element-populated\">\n\t\t\t\t\t\t<div class=\"elementor-element elementor-element-90f441c elementor-cta--valign-top elementor-widget__width-inherit elementor-widget-mobile__width-inherit elementor-widget-laptop__width-inherit elementor-cta--skin-classic elementor-animated-content elementor-widget elementor-widget-call-to-action\" data-id=\"90f441c\" data-element_type=\"widget\" data-e-type=\"widget\" data-widget_type=\"call-to-action.default\">\n\t\t\t\t<div class=\"elementor-widget-container\">\n\t\t\t\t\t\t\t<a class=\"elementor-cta\" href=\"https:\/\/www.ikbg.net\/en\/veroeffentlichungen\/sermons-and-lectures\/\">\n\t\t\t\t\t<div class=\"elementor-cta__bg-wrapper\">\n\t\t\t\t<div class=\"elementor-cta__bg elementor-bg\" style=\"background-image: url(https:\/\/www.ikbg.net\/wp-content\/uploads\/PredigtenVortraege-iStock-1279486900.jpg);\" role=\"img\" aria-label=\"IKBG - Predigten und Vortr\u00e4ge\"><\/div>\n\t\t\t\t<div class=\"elementor-cta__bg-overlay\"><\/div>\n\t\t\t<\/div>\n\t\t\t\t\t\t\t<div class=\"elementor-cta__content\">\n\t\t\t\t\n\t\t\t\t\t\t\t\t\t<h4 class=\"elementor-cta__title elementor-cta__content-item elementor-content-item\">\n\t\t\t\t\t\tSermons and Lectures\t\t\t\t\t<\/h4>\n\t\t\t\t\n\t\t\t\t\n\t\t\t\t\t\t\t\t\t<div class=\"elementor-cta__button-wrapper elementor-cta__content-item elementor-content-item \">\n\t\t\t\t\t<span class=\"elementor-cta__button elementor-button elementor-size-md\">\n\t\t\t\t\t\tMore information\t\t\t\t\t<\/span>\n\t\t\t\t\t<\/div>\n\t\t\t\t\t\t\t<\/div>\n\t\t\t\t\t\t<\/a>\n\t\t\t\t\t\t<\/div>\n\t\t\t\t<\/div>\n\t\t\t\t\t<\/div>\n\t\t<\/div>\n\t\t\t\t<div class=\"elementor-column elementor-col-33 elementor-inner-column elementor-element elementor-element-1a11ecd\" data-id=\"1a11ecd\" data-element_type=\"column\" data-e-type=\"column\" data-settings=\"{&quot;background_background&quot;:&quot;classic&quot;}\">\n\t\t\t<div class=\"elementor-widget-wrap elementor-element-populated\">\n\t\t\t\t\t\t<div class=\"elementor-element elementor-element-69c461f elementor-cta--valign-top elementor-widget__width-inherit elementor-widget-mobile__width-inherit elementor-widget-laptop__width-inherit elementor-widget-tablet__width-initial elementor-cta--skin-classic elementor-animated-content elementor-widget elementor-widget-call-to-action\" data-id=\"69c461f\" data-element_type=\"widget\" data-e-type=\"widget\" data-widget_type=\"call-to-action.default\">\n\t\t\t\t<div class=\"elementor-widget-container\">\n\t\t\t\t\t\t\t<a class=\"elementor-cta\" href=\"https:\/\/www.ikbg.net\/en\/home-publications\/publications\/\">\n\t\t\t\t\t<div class=\"elementor-cta__bg-wrapper\">\n\t\t\t\t<div class=\"elementor-cta__bg elementor-bg\" style=\"background-image: url(https:\/\/www.ikbg.net\/wp-content\/uploads\/Publikationen-shstock_170760092.jpg);\" role=\"img\" aria-label=\"IKBG - Publikationen\"><\/div>\n\t\t\t\t<div class=\"elementor-cta__bg-overlay\"><\/div>\n\t\t\t<\/div>\n\t\t\t\t\t\t\t<div class=\"elementor-cta__content\">\n\t\t\t\t\n\t\t\t\t\t\t\t\t\t<h4 class=\"elementor-cta__title elementor-cta__content-item elementor-content-item\">\n\t\t\t\t\t\tPublications\t\t\t\t\t<\/h4>\n\t\t\t\t\n\t\t\t\t\n\t\t\t\t\t\t\t\t\t<div class=\"elementor-cta__button-wrapper elementor-cta__content-item elementor-content-item \">\n\t\t\t\t\t<span class=\"elementor-cta__button elementor-button elementor-size-md\">\n\t\t\t\t\t\tMore information\t\t\t\t\t<\/span>\n\t\t\t\t\t<\/div>\n\t\t\t\t\t\t\t<\/div>\n\t\t\t\t\t\t<\/a>\n\t\t\t\t\t\t<\/div>\n\t\t\t\t<\/div>\n\t\t\t\t\t<\/div>\n\t\t<\/div>\n\t\t\t\t\t<\/div>\n\t\t<\/section>\n\t\t\t\t\t<\/div>\n\t\t<\/div>\n\t\t\t\t\t<\/div>\n\t\t<\/section>\n\t\t\t\t<\/div>\n\t\t","protected":false},"excerpt":{"rendered":"<p>Publications Hier finden Sie als Download interessante Ver\u00f6ffentlichungen zu verschiedenen Themen. Neue Handreichung &#8220;Christen in islamischen Gesellschaften&#8221; (Christine Schirrmacher) &#8220;Christenverfolgung geht uns alle an&#8221; (Thomas Schirrmacher) Die Berliner \u00d6kumene Erkl\u00e4rung &#8220;Freiheit und Gemeinschaft in Christus&#8221; Die Frankfurter Erkl\u00e4rung zur Grundlagenkrise der Mission &#8220;Glaubw\u00fcrdigkeit, Autorit\u00e4t und Einheit der Heiligen Schrift&#8221;Ein Wort des Theologischen Konvents Bekennender Gemeinschaften [&hellip;]<\/p>\n","protected":false},"author":2,"featured_media":0,"parent":4208,"menu_order":2,"comment_status":"closed","ping_status":"closed","template":"","meta":{"_acf_changed":false,"footnotes":""},"class_list":["post-4217","page","type-page","status-publish","hentry"],"acf":[],"_links":{"self":[{"href":"https:\/\/www.ikbg.net\/en\/wp-json\/wp\/v2\/pages\/4217","targetHints":{"allow":["GET"]}}],"collection":[{"href":"https:\/\/www.ikbg.net\/en\/wp-json\/wp\/v2\/pages"}],"about":[{"href":"https:\/\/www.ikbg.net\/en\/wp-json\/wp\/v2\/types\/page"}],"author":[{"embeddable":true,"href":"https:\/\/www.ikbg.net\/en\/wp-json\/wp\/v2\/users\/2"}],"replies":[{"embeddable":true,"href":"https:\/\/www.ikbg.net\/en\/wp-json\/wp\/v2\/comments?post=4217"}],"version-history":[{"count":5,"href":"https:\/\/www.ikbg.net\/en\/wp-json\/wp\/v2\/pages\/4217\/revisions"}],"predecessor-version":[{"id":4285,"href":"https:\/\/www.ikbg.net\/en\/wp-json\/wp\/v2\/pages\/4217\/revisions\/4285"}],"up":[{"embeddable":true,"href":"https:\/\/www.ikbg.net\/en\/wp-json\/wp\/v2\/pages\/4208"}],"wp:attachment":[{"href":"https:\/\/www.ikbg.net\/en\/wp-json\/wp\/v2\/media?parent=4217"}],"curies":[{"name":"wp","href":"https:\/\/api.w.org\/{rel}","templated":true}]}}