{"id":4214,"date":"2023-04-06T10:55:03","date_gmt":"2023-04-06T08:55:03","guid":{"rendered":"https:\/\/www.ikbg.net\/veroeffentlichungen\/predigten-und-vortraege\/"},"modified":"2023-06-10T11:16:37","modified_gmt":"2023-06-10T09:16:37","slug":"sermons-and-lectures","status":"publish","type":"page","link":"https:\/\/www.ikbg.net\/en\/home-publications\/sermons-and-lectures\/","title":{"rendered":"Sermons and Lectures"},"content":{"rendered":"\t\t<div data-elementor-type=\"wp-page\" data-elementor-id=\"4214\" class=\"elementor elementor-4214 elementor-2358\" data-elementor-post-type=\"page\">\n\t\t\t\t\t\t<section class=\"elementor-section elementor-top-section elementor-element elementor-element-604578d elementor-section-full_width elementor-section-stretched elementor-section-height-default elementor-section-height-default\" data-id=\"604578d\" data-element_type=\"section\" data-e-type=\"section\" data-settings=\"{&quot;stretch_section&quot;:&quot;section-stretched&quot;,&quot;background_background&quot;:&quot;classic&quot;}\">\n\t\t\t\t\t\t<div class=\"elementor-container elementor-column-gap-default\">\n\t\t\t\t\t<div class=\"elementor-column elementor-col-50 elementor-top-column elementor-element elementor-element-89701a2\" data-id=\"89701a2\" data-element_type=\"column\" data-e-type=\"column\" data-settings=\"{&quot;background_background&quot;:&quot;classic&quot;}\">\n\t\t\t<div class=\"elementor-widget-wrap elementor-element-populated\">\n\t\t\t\t\t\t<div class=\"elementor-element elementor-element-1dd5dbc elementor-widget elementor-widget-spacer\" data-id=\"1dd5dbc\" data-element_type=\"widget\" data-e-type=\"widget\" data-widget_type=\"spacer.default\">\n\t\t\t\t<div class=\"elementor-widget-container\">\n\t\t\t\t\t\t\t<div class=\"elementor-spacer\">\n\t\t\t<div class=\"elementor-spacer-inner\"><\/div>\n\t\t<\/div>\n\t\t\t\t\t\t<\/div>\n\t\t\t\t<\/div>\n\t\t\t\t\t<\/div>\n\t\t<\/div>\n\t\t\t\t<div class=\"elementor-column elementor-col-50 elementor-top-column elementor-element elementor-element-a7a872c\" data-id=\"a7a872c\" data-element_type=\"column\" data-e-type=\"column\">\n\t\t\t<div class=\"elementor-widget-wrap elementor-element-populated\">\n\t\t\t\t\t\t<div class=\"elementor-element elementor-element-73ac811 elementor-widget elementor-widget-heading\" data-id=\"73ac811\" data-element_type=\"widget\" data-e-type=\"widget\" data-widget_type=\"heading.default\">\n\t\t\t\t<div class=\"elementor-widget-container\">\n\t\t\t\t\t<h2 class=\"elementor-heading-title elementor-size-default\">Sermons and Lectures<\/h2>\t\t\t\t<\/div>\n\t\t\t\t<\/div>\n\t\t\t\t<div class=\"elementor-element elementor-element-54188a4 listelink elementor-widget__width-initial elementor-widget elementor-widget-text-editor\" data-id=\"54188a4\" data-element_type=\"widget\" data-e-type=\"widget\" data-widget_type=\"text-editor.default\">\n\t\t\t\t<div class=\"elementor-widget-container\">\n\t\t\t\t\t\t\t\t\t<h4>Vortr\u00e4ge<\/h4><p>Prof. Dr. Peter Beyerhaus \u2020<\/p><ul><li><a href=\"https:\/\/www.ikbg.net\/pdf\/vortr1.pdf\" target=\"_blank\" rel=\"noopener\">Geisterf\u00fcllung und Geisterunterscheidung &#8211; Die schwarmgeistige Gef\u00e4hrdung der Gemeinde heute<br \/><\/a><\/li><li><a href=\"https:\/\/www.ikbg.net\/pdf\/vortr2.pdf\" target=\"_blank\" rel=\"noopener\">Die V\u00f6lker in biblisch-heilsgeschichtlicher Sicht<\/a><\/li><li><a href=\"https:\/\/www.ikbg.net\/pdf\/vortr3.pdf\" target=\"_blank\" rel=\"noopener\">Kennen die Religionen den wahren Gott?<\/a><em><br \/>Das Christuszeugnis in der interreligi\u00f6sen Begegnung<\/em><\/li><li><a href=\"https:\/\/www.ikbg.net\/pdf\/vortr4.pdf\" target=\"_blank\" rel=\"noopener\">Die Wahrheit im Spannungsfeld von Christentum, Toleranz und Fundamentalismus<\/a><\/li><\/ul><p>Bischof Voigt:<\/p><p>&#8230;&#8230;<\/p><p>Dr. Werner Neuer:<\/p><p>&#8230;<\/p><p>Bischof Vorderholzer:<\/p><p>&#8230;<\/p>\t\t\t\t\t\t\t\t<\/div>\n\t\t\t\t<\/div>\n\t\t\t\t<div class=\"elementor-element elementor-element-d2491b8 elementor-widget__width-initial listelink elementor-widget elementor-widget-text-editor\" data-id=\"d2491b8\" data-element_type=\"widget\" data-e-type=\"widget\" data-widget_type=\"text-editor.default\">\n\t\t\t\t<div class=\"elementor-widget-container\">\n\t\t\t\t\t\t\t\t\t<h4>Predigten<\/h4><p>von Prof. Dr. Peter Beyerhaus \u2020<\/p><ul><li><a href=\"https:\/\/www.ikbg.net\/pdf\/predigt2advent.pdf\" target=\"_blank\" rel=\"noopener\">Predigt am 2. Adventssonntag \u00fcber Jesaja 63,15-64,3<\/a><br \/>Sehnsucht nach \u00d6ffnung des Himmels<\/li><li><a href=\"https:\/\/www.ikbg.net\/pdf\/predigtenbeyerhaus.pdf\" target=\"_blank\" rel=\"noopener\">Liste gehaltener Predigten und Kurzandachten<\/a><br \/>Bei Interesse k\u00f6nnen auch einzelne Predigten bestellt werden.<\/li><\/ul>\t\t\t\t\t\t\t\t<\/div>\n\t\t\t\t<\/div>\n\t\t\t\t\t<\/div>\n\t\t<\/div>\n\t\t\t\t\t<\/div>\n\t\t<\/section>\n\t\t\t\t<section class=\"elementor-section elementor-top-section elementor-element elementor-element-25975e7 elementor-section-boxed elementor-section-height-default elementor-section-height-default\" data-id=\"25975e7\" data-element_type=\"section\" data-e-type=\"section\" data-settings=\"{&quot;background_background&quot;:&quot;classic&quot;}\">\n\t\t\t\t\t\t<div class=\"elementor-container elementor-column-gap-default\">\n\t\t\t\t\t<div class=\"elementor-column elementor-col-100 elementor-top-column elementor-element elementor-element-abbddf2\" data-id=\"abbddf2\" data-element_type=\"column\" data-e-type=\"column\">\n\t\t\t<div class=\"elementor-widget-wrap elementor-element-populated\">\n\t\t\t\t\t\t<div class=\"elementor-element elementor-element-4502f98 elementor-widget elementor-widget-heading\" data-id=\"4502f98\" data-element_type=\"widget\" data-e-type=\"widget\" data-widget_type=\"heading.default\">\n\t\t\t\t<div class=\"elementor-widget-container\">\n\t\t\t\t\t<h2 class=\"elementor-heading-title elementor-size-default\">Further publications<\/h2>\t\t\t\t<\/div>\n\t\t\t\t<\/div>\n\t\t\t\t<section class=\"elementor-section elementor-inner-section elementor-element elementor-element-233427d elementor-section-boxed elementor-section-height-default elementor-section-height-default\" data-id=\"233427d\" data-element_type=\"section\" data-e-type=\"section\">\n\t\t\t\t\t\t<div class=\"elementor-container elementor-column-gap-default\">\n\t\t\t\t\t<div class=\"elementor-column elementor-col-33 elementor-inner-column elementor-element elementor-element-c1bb032\" data-id=\"c1bb032\" data-element_type=\"column\" data-e-type=\"column\" data-settings=\"{&quot;background_background&quot;:&quot;classic&quot;}\">\n\t\t\t<div class=\"elementor-widget-wrap elementor-element-populated\">\n\t\t\t\t\t\t<div class=\"elementor-element elementor-element-afec2df elementor-cta--valign-top elementor-widget__width-inherit elementor-widget-mobile__width-inherit elementor-widget-laptop__width-inherit elementor-cta--skin-classic elementor-animated-content elementor-widget elementor-widget-call-to-action\" data-id=\"afec2df\" data-element_type=\"widget\" data-e-type=\"widget\" data-widget_type=\"call-to-action.default\">\n\t\t\t\t<div class=\"elementor-widget-container\">\n\t\t\t\t\t\t\t<a class=\"elementor-cta\" href=\"https:\/\/www.ikbg.net\/en\/veroeffentlichungen\/theological-statements\/\">\n\t\t\t\t\t<div class=\"elementor-cta__bg-wrapper\">\n\t\t\t\t<div class=\"elementor-cta__bg elementor-bg\" style=\"background-image: url(https:\/\/www.ikbg.net\/wp-content\/uploads\/2023\/04\/theologische-erklaerungen-teaser-v2.jpg);\" role=\"img\" aria-label=\"theologische-erklaerungen-teaser-v2\"><\/div>\n\t\t\t\t<div class=\"elementor-cta__bg-overlay\"><\/div>\n\t\t\t<\/div>\n\t\t\t\t\t\t\t<div class=\"elementor-cta__content\">\n\t\t\t\t\n\t\t\t\t\t\t\t\t\t<h4 class=\"elementor-cta__title elementor-cta__content-item elementor-content-item\">\n\t\t\t\t\t\tTheological Statements\t\t\t\t\t<\/h4>\n\t\t\t\t\n\t\t\t\t\n\t\t\t\t\t\t\t\t\t<div class=\"elementor-cta__button-wrapper elementor-cta__content-item elementor-content-item \">\n\t\t\t\t\t<span class=\"elementor-cta__button elementor-button elementor-size-md\">\n\t\t\t\t\t\tMore information\t\t\t\t\t<\/span>\n\t\t\t\t\t<\/div>\n\t\t\t\t\t\t\t<\/div>\n\t\t\t\t\t\t<\/a>\n\t\t\t\t\t\t<\/div>\n\t\t\t\t<\/div>\n\t\t\t\t\t<\/div>\n\t\t<\/div>\n\t\t\t\t<div class=\"elementor-column elementor-col-33 elementor-inner-column elementor-element elementor-element-7c83df2\" data-id=\"7c83df2\" data-element_type=\"column\" data-e-type=\"column\" data-settings=\"{&quot;background_background&quot;:&quot;classic&quot;}\">\n\t\t\t<div class=\"elementor-widget-wrap elementor-element-populated\">\n\t\t\t\t\t\t<div class=\"elementor-element elementor-element-c95a34f elementor-cta--valign-top elementor-widget__width-inherit elementor-widget-mobile__width-inherit elementor-widget-laptop__width-inherit elementor-cta--skin-classic elementor-animated-content elementor-widget elementor-widget-call-to-action\" data-id=\"c95a34f\" data-element_type=\"widget\" data-e-type=\"widget\" data-widget_type=\"call-to-action.default\">\n\t\t\t\t<div class=\"elementor-widget-container\">\n\t\t\t\t\t\t\t<a class=\"elementor-cta\" href=\"https:\/\/www.ikbg.net\/en\/veroeffentlichungen\/sermons-and-lectures\/\">\n\t\t\t\t\t<div class=\"elementor-cta__bg-wrapper\">\n\t\t\t\t<div class=\"elementor-cta__bg elementor-bg\" style=\"background-image: url(https:\/\/www.ikbg.net\/wp-content\/uploads\/PredigtenVortraege-iStock-1279486900.jpg);\" role=\"img\" aria-label=\"IKBG - Predigten und Vortr\u00e4ge\"><\/div>\n\t\t\t\t<div class=\"elementor-cta__bg-overlay\"><\/div>\n\t\t\t<\/div>\n\t\t\t\t\t\t\t<div class=\"elementor-cta__content\">\n\t\t\t\t\n\t\t\t\t\t\t\t\t\t<h4 class=\"elementor-cta__title elementor-cta__content-item elementor-content-item\">\n\t\t\t\t\t\tSermons and Lectures\t\t\t\t\t<\/h4>\n\t\t\t\t\n\t\t\t\t\n\t\t\t\t\t\t\t\t\t<div class=\"elementor-cta__button-wrapper elementor-cta__content-item elementor-content-item \">\n\t\t\t\t\t<span class=\"elementor-cta__button elementor-button elementor-size-md\">\n\t\t\t\t\t\tMore information\t\t\t\t\t<\/span>\n\t\t\t\t\t<\/div>\n\t\t\t\t\t\t\t<\/div>\n\t\t\t\t\t\t<\/a>\n\t\t\t\t\t\t<\/div>\n\t\t\t\t<\/div>\n\t\t\t\t\t<\/div>\n\t\t<\/div>\n\t\t\t\t<div class=\"elementor-column elementor-col-33 elementor-inner-column elementor-element elementor-element-e7633da\" data-id=\"e7633da\" data-element_type=\"column\" data-e-type=\"column\" data-settings=\"{&quot;background_background&quot;:&quot;classic&quot;}\">\n\t\t\t<div class=\"elementor-widget-wrap elementor-element-populated\">\n\t\t\t\t\t\t<div class=\"elementor-element elementor-element-a260e9f elementor-cta--valign-top elementor-widget__width-inherit elementor-widget-mobile__width-inherit elementor-widget-laptop__width-inherit elementor-widget-tablet__width-initial elementor-cta--skin-classic elementor-animated-content elementor-widget elementor-widget-call-to-action\" data-id=\"a260e9f\" data-element_type=\"widget\" data-e-type=\"widget\" data-widget_type=\"call-to-action.default\">\n\t\t\t\t<div class=\"elementor-widget-container\">\n\t\t\t\t\t\t\t<a class=\"elementor-cta\" href=\"https:\/\/www.ikbg.net\/en\/home-publications\/publications\/\">\n\t\t\t\t\t<div class=\"elementor-cta__bg-wrapper\">\n\t\t\t\t<div class=\"elementor-cta__bg elementor-bg\" style=\"background-image: url(https:\/\/www.ikbg.net\/wp-content\/uploads\/Publikationen-shstock_170760092.jpg);\" role=\"img\" aria-label=\"IKBG - Publikationen\"><\/div>\n\t\t\t\t<div class=\"elementor-cta__bg-overlay\"><\/div>\n\t\t\t<\/div>\n\t\t\t\t\t\t\t<div class=\"elementor-cta__content\">\n\t\t\t\t\n\t\t\t\t\t\t\t\t\t<h4 class=\"elementor-cta__title elementor-cta__content-item elementor-content-item\">\n\t\t\t\t\t\tPublications\t\t\t\t\t<\/h4>\n\t\t\t\t\n\t\t\t\t\n\t\t\t\t\t\t\t\t\t<div class=\"elementor-cta__button-wrapper elementor-cta__content-item elementor-content-item \">\n\t\t\t\t\t<span class=\"elementor-cta__button elementor-button elementor-size-md\">\n\t\t\t\t\t\tMore information\t\t\t\t\t<\/span>\n\t\t\t\t\t<\/div>\n\t\t\t\t\t\t\t<\/div>\n\t\t\t\t\t\t<\/a>\n\t\t\t\t\t\t<\/div>\n\t\t\t\t<\/div>\n\t\t\t\t\t<\/div>\n\t\t<\/div>\n\t\t\t\t\t<\/div>\n\t\t<\/section>\n\t\t\t\t\t<\/div>\n\t\t<\/div>\n\t\t\t\t\t<\/div>\n\t\t<\/section>\n\t\t\t\t<\/div>\n\t\t","protected":false},"excerpt":{"rendered":"<p>Sermons and Lectures Vortr\u00e4ge Prof. Dr. Peter Beyerhaus \u2020 Geisterf\u00fcllung und Geisterunterscheidung &#8211; Die schwarmgeistige Gef\u00e4hrdung der Gemeinde heute Die V\u00f6lker in biblisch-heilsgeschichtlicher Sicht Kennen die Religionen den wahren Gott?Das Christuszeugnis in der interreligi\u00f6sen Begegnung Die Wahrheit im Spannungsfeld von Christentum, Toleranz und Fundamentalismus Bischof Voigt: &#8230;&#8230; Dr. Werner Neuer: &#8230; Bischof Vorderholzer: &#8230; Predigten [&hellip;]<\/p>\n","protected":false},"author":2,"featured_media":0,"parent":4208,"menu_order":1,"comment_status":"closed","ping_status":"closed","template":"","meta":{"_acf_changed":false,"footnotes":""},"class_list":["post-4214","page","type-page","status-publish","hentry"],"acf":[],"_links":{"self":[{"href":"https:\/\/www.ikbg.net\/en\/wp-json\/wp\/v2\/pages\/4214","targetHints":{"allow":["GET"]}}],"collection":[{"href":"https:\/\/www.ikbg.net\/en\/wp-json\/wp\/v2\/pages"}],"about":[{"href":"https:\/\/www.ikbg.net\/en\/wp-json\/wp\/v2\/types\/page"}],"author":[{"embeddable":true,"href":"https:\/\/www.ikbg.net\/en\/wp-json\/wp\/v2\/users\/2"}],"replies":[{"embeddable":true,"href":"https:\/\/www.ikbg.net\/en\/wp-json\/wp\/v2\/comments?post=4214"}],"version-history":[{"count":9,"href":"https:\/\/www.ikbg.net\/en\/wp-json\/wp\/v2\/pages\/4214\/revisions"}],"predecessor-version":[{"id":4282,"href":"https:\/\/www.ikbg.net\/en\/wp-json\/wp\/v2\/pages\/4214\/revisions\/4282"}],"up":[{"embeddable":true,"href":"https:\/\/www.ikbg.net\/en\/wp-json\/wp\/v2\/pages\/4208"}],"wp:attachment":[{"href":"https:\/\/www.ikbg.net\/en\/wp-json\/wp\/v2\/media?parent=4214"}],"curies":[{"name":"wp","href":"https:\/\/api.w.org\/{rel}","templated":true}]}}