{"id":4211,"date":"2023-04-06T10:55:03","date_gmt":"2023-04-06T08:55:03","guid":{"rendered":"https:\/\/www.ikbg.net\/veroeffentlichungen\/theologische-erklaerungen\/"},"modified":"2023-06-30T12:57:27","modified_gmt":"2023-06-30T10:57:27","slug":"theological-statements","status":"publish","type":"page","link":"https:\/\/www.ikbg.net\/en\/home-publications\/theological-statements\/","title":{"rendered":"Theological Statements"},"content":{"rendered":"\t\t<div data-elementor-type=\"wp-page\" data-elementor-id=\"4211\" class=\"elementor elementor-4211 elementor-2339\" data-elementor-post-type=\"page\">\n\t\t\t\t\t\t<section class=\"elementor-section elementor-top-section elementor-element elementor-element-32e66971 elementor-section-full_width elementor-section-stretched elementor-section-height-default elementor-section-height-default\" data-id=\"32e66971\" data-element_type=\"section\" data-e-type=\"section\" data-settings=\"{&quot;stretch_section&quot;:&quot;section-stretched&quot;,&quot;background_background&quot;:&quot;classic&quot;}\">\n\t\t\t\t\t\t<div class=\"elementor-container elementor-column-gap-default\">\n\t\t\t\t\t<div class=\"elementor-column elementor-col-50 elementor-top-column elementor-element elementor-element-3e301244\" data-id=\"3e301244\" data-element_type=\"column\" data-e-type=\"column\" data-settings=\"{&quot;background_background&quot;:&quot;classic&quot;}\">\n\t\t\t<div class=\"elementor-widget-wrap elementor-element-populated\">\n\t\t\t\t\t\t<div class=\"elementor-element elementor-element-42988514 elementor-widget elementor-widget-spacer\" data-id=\"42988514\" data-element_type=\"widget\" data-e-type=\"widget\" data-widget_type=\"spacer.default\">\n\t\t\t\t<div class=\"elementor-widget-container\">\n\t\t\t\t\t\t\t<div class=\"elementor-spacer\">\n\t\t\t<div class=\"elementor-spacer-inner\"><\/div>\n\t\t<\/div>\n\t\t\t\t\t\t<\/div>\n\t\t\t\t<\/div>\n\t\t\t\t\t<\/div>\n\t\t<\/div>\n\t\t\t\t<div class=\"elementor-column elementor-col-50 elementor-top-column elementor-element elementor-element-6794e255\" data-id=\"6794e255\" data-element_type=\"column\" data-e-type=\"column\">\n\t\t\t<div class=\"elementor-widget-wrap elementor-element-populated\">\n\t\t\t\t\t\t<div class=\"elementor-element elementor-element-2c0cd27a elementor-widget elementor-widget-heading\" data-id=\"2c0cd27a\" data-element_type=\"widget\" data-e-type=\"widget\" data-widget_type=\"heading.default\">\n\t\t\t\t<div class=\"elementor-widget-container\">\n\t\t\t\t\t<h2 class=\"elementor-heading-title elementor-size-default\">Theological Statements<\/h2>\t\t\t\t<\/div>\n\t\t\t\t<\/div>\n\t\t\t\t<div class=\"elementor-element elementor-element-5ee305a listelink elementor-widget__width-initial elementor-widget elementor-widget-text-editor\" data-id=\"5ee305a\" data-element_type=\"widget\" data-e-type=\"widget\" data-widget_type=\"text-editor.default\">\n\t\t\t\t<div class=\"elementor-widget-container\">\n\t\t\t\t\t\t\t\t\t<h4>Salzburger Erkl\u00e4rung 2015<\/h4>\n<ul>\n<li><a href=\"https:\/\/www.ikbg.net\/pdf\/Salzburger-Erklaerung-Kurzfassung.pdf\" target=\"_blank\" rel=\"noopener\">Die Salzburger Erkl\u00e4rung (Kurzfassung)<\/a><\/li>\n<li><a href=\"https:\/\/www.ikbg.net\/pdf\/Salzburger-Erklaerung-Original.pdf\" target=\"_blank\" rel=\"noopener\">Die Salzburger Erkl\u00e4rung (Originalfassung)<\/a><\/li>\n\n<\/ul>\n<h4>T\u00fcbinger Pfingstaufruf 2013<\/h4>\n<ul>\n<li><a href=\"https:\/\/www.ikbg.net\/Tuebinger-Pfingstaufruf-2013-Langfassung.pdf\" target=\"_blank\" rel=\"noopener\">Tuebinger Pfingstaufruf 2013 Langfassung<\/a><\/li>\n<li><a href=\"https:\/\/www.ikbg.net\/pdf\/IKGB_Beileger_RZ_auen.pdf\">Tuebinger Pfingstaufruf 2013 Kurzfassung<\/a><\/li>\n<\/ul>\n<h4>Goslar-Botschaft &#8211; Das Kreuz Christi, die Mitte des Heils<\/h4>\n<p>Warum mu\u00dfte Jesus sterben? Warum Menschen aufgrund des Kreuzes Vergebung der S\u00fcnden und Erl\u00f6sung empfangen.<\/p>\n<ul>\n<li><a href=\"https:\/\/www.ikbg.net\/pdf\/KreuzChristi-Orientierungshilfe-Umschlag.pdf\" target=\"_blank\" rel=\"noopener\">Kreuz Christi Orientierungshilfe \u2013 Teil 1<\/a><\/li>\n<li><a href=\"https:\/\/www.ikbg.net\/pdf\/KreuzChristi-Orientierungshilfe-Innenteil.pdf\" target=\"_blank\" rel=\"noopener\">Kreuz Christi Orientierungshilfe \u2013 Teil 2<\/a><\/li>\n<li><a href=\"https:\/\/www.ikbg.net\/pdf\/IKGB_Beileger_RZ_auen.pdf\" target=\"_blank\" rel=\"noopener\">Kreuz Christi Faltblatt &#8211; au\u00dfen<\/a><\/li>\n<li><a href=\"https:\/\/www.ikbg.net\/pdf\/IKGB_Beileger_RZ_innen.pdf\" target=\"_blank\" rel=\"noopener\">Kreuz Christi Faltblatt &#8211; innen<\/a><\/li>\n<\/ul>\t\t\t\t\t\t\t\t<\/div>\n\t\t\t\t<\/div>\n\t\t\t\t\t<\/div>\n\t\t<\/div>\n\t\t\t\t\t<\/div>\n\t\t<\/section>\n\t\t\t\t<section class=\"elementor-section elementor-top-section elementor-element elementor-element-6dffc68 elementor-reverse-mobile elementor-reverse-tablet elementor-section-boxed elementor-section-height-default elementor-section-height-default\" data-id=\"6dffc68\" data-element_type=\"section\" data-e-type=\"section\" data-settings=\"{&quot;background_background&quot;:&quot;classic&quot;}\">\n\t\t\t\t\t\t<div class=\"elementor-container elementor-column-gap-default\">\n\t\t\t\t\t<div class=\"elementor-column elementor-col-50 elementor-top-column elementor-element elementor-element-02b3836\" data-id=\"02b3836\" data-element_type=\"column\" data-e-type=\"column\">\n\t\t\t<div class=\"elementor-widget-wrap elementor-element-populated\">\n\t\t\t\t\t\t<div class=\"elementor-element elementor-element-de66c4e listelink elementor-widget-tablet__width-inherit elementor-widget elementor-widget-text-editor\" data-id=\"de66c4e\" data-element_type=\"widget\" data-e-type=\"widget\" data-widget_type=\"text-editor.default\">\n\t\t\t\t<div class=\"elementor-widget-container\">\n\t\t\t\t\t\t\t\t\t<h4>Freudenst\u00e4dter Aufruf<\/h4><p>Der christliche Glaube und die Zukunft Europas &#8211; Europa am Scheideweg zwischen Niedergang und R\u00fcckkehr zu seinen christlichen Wurzeln.<\/p><ul><li><a href=\"https:\/\/www.ikbg.net\/pdf\/fa.pdf\" target=\"_blank\" rel=\"noopener\">Freudenst\u00e4dter Aufruf<\/a><\/li><\/ul><h4>Die Zehn Gebote &#8211; Gottes Wegweisung in unserer Zeit<\/h4><p>Gottes Wegweisung in unserer Zeit &#8211; Eine Orientierungshilfe der Konferenz Bekennender Gemeinschaften in den evangelischen Kirchen Deutschlands &#8211; Unsere ethische Krise und Gottes Gebote.<\/p><ul><li><a href=\"https:\/\/www.ikbg.net\/pdf\/zg.pdf\" target=\"_blank\" rel=\"noopener\">&#8220;Die Zehn Gebote &#8211; Gottes Wegweisung in unserer Zeit&#8221;<\/a><\/li><\/ul><h4>Spandauer Bu\u00dfwort &#8211; Unser Volk unter Gottes Gnade und Gericht<\/h4><p>Geistlicher Aufruf bekennender Christen an h\u00f6rbereite B\u00fcrger und Verantwortungstr\u00e4ger in Staat und Kirche.<\/p><ul><li><a href=\"https:\/\/www.ikbg.net\/pdf\/ga.pdf\" target=\"_blank\" rel=\"noopener\">Spandauer Bu\u00dfwort &#8220;Unser Volk unter Gottes Gnade und Gericht&#8221;<\/a><\/li><\/ul>\t\t\t\t\t\t\t\t<\/div>\n\t\t\t\t<\/div>\n\t\t\t\t\t<\/div>\n\t\t<\/div>\n\t\t\t\t<div class=\"elementor-column elementor-col-50 elementor-top-column elementor-element elementor-element-eed44d5\" data-id=\"eed44d5\" data-element_type=\"column\" data-e-type=\"column\" data-settings=\"{&quot;background_background&quot;:&quot;classic&quot;}\">\n\t\t\t<div class=\"elementor-widget-wrap elementor-element-populated\">\n\t\t\t\t\t\t<div class=\"elementor-element elementor-element-c12e9dc elementor-widget elementor-widget-spacer\" data-id=\"c12e9dc\" data-element_type=\"widget\" data-e-type=\"widget\" data-widget_type=\"spacer.default\">\n\t\t\t\t<div class=\"elementor-widget-container\">\n\t\t\t\t\t\t\t<div class=\"elementor-spacer\">\n\t\t\t<div class=\"elementor-spacer-inner\"><\/div>\n\t\t<\/div>\n\t\t\t\t\t\t<\/div>\n\t\t\t\t<\/div>\n\t\t\t\t\t<\/div>\n\t\t<\/div>\n\t\t\t\t\t<\/div>\n\t\t<\/section>\n\t\t\t\t<section class=\"elementor-section elementor-top-section elementor-element elementor-element-5e60bc8 elementor-section-full_width elementor-section-stretched elementor-section-height-default elementor-section-height-default\" data-id=\"5e60bc8\" data-element_type=\"section\" data-e-type=\"section\" data-settings=\"{&quot;stretch_section&quot;:&quot;section-stretched&quot;,&quot;background_background&quot;:&quot;classic&quot;}\">\n\t\t\t\t\t\t<div class=\"elementor-container elementor-column-gap-default\">\n\t\t\t\t\t<div class=\"elementor-column elementor-col-50 elementor-top-column elementor-element elementor-element-f0b0a98\" data-id=\"f0b0a98\" data-element_type=\"column\" data-e-type=\"column\" data-settings=\"{&quot;background_background&quot;:&quot;classic&quot;}\">\n\t\t\t<div class=\"elementor-widget-wrap elementor-element-populated\">\n\t\t\t\t\t\t<div class=\"elementor-element elementor-element-d1da76e elementor-widget elementor-widget-spacer\" data-id=\"d1da76e\" data-element_type=\"widget\" data-e-type=\"widget\" data-widget_type=\"spacer.default\">\n\t\t\t\t<div class=\"elementor-widget-container\">\n\t\t\t\t\t\t\t<div class=\"elementor-spacer\">\n\t\t\t<div class=\"elementor-spacer-inner\"><\/div>\n\t\t<\/div>\n\t\t\t\t\t\t<\/div>\n\t\t\t\t<\/div>\n\t\t\t\t\t<\/div>\n\t\t<\/div>\n\t\t\t\t<div class=\"elementor-column elementor-col-50 elementor-top-column elementor-element elementor-element-9ff03fd\" data-id=\"9ff03fd\" data-element_type=\"column\" data-e-type=\"column\">\n\t\t\t<div class=\"elementor-widget-wrap elementor-element-populated\">\n\t\t\t\t\t\t<div class=\"elementor-element elementor-element-930cc0b listelink elementor-widget__width-initial elementor-widget elementor-widget-text-editor\" data-id=\"930cc0b\" data-element_type=\"widget\" data-e-type=\"widget\" data-widget_type=\"text-editor.default\">\n\t\t\t\t<div class=\"elementor-widget-container\">\n\t\t\t\t\t\t\t\t\t<h4>&#8220;Kein anderer Name&#8221;<\/h4><p>Theologische Erkl\u00e4rung zur Beurteilung der Religionen im Licht des Evangeliums.<\/p><ul><li><a href=\"https:\/\/www.ikbg.net\/wp-content\/uploads\/Kein_andrer_Name_aktuell-1.pdf\" target=\"_blank\" rel=\"noopener\">&#8220;Kein anderer Name&#8221;<\/a><\/li><\/ul><h4>&#8220;Die Schladming Erkl\u00e4rung&#8221;<\/h4><p>Ehe und alternative Lebensformen<\/p><ul><li><a href=\"https:\/\/www.ikbg.net\/pdf\/schladm.pdf\" target=\"_blank\" rel=\"noopener\">&#8220;Die Schladming Erkl\u00e4rung&#8221;<\/a><\/li><\/ul><h4>Erkl\u00e4rungen und Ver\u00f6ffentlichungen<\/h4><ul><li><a href=\"https:\/\/www.ikbg.net\/pdf\/liste-aller-erklaerungen.pdf\" target=\"_blank\" rel=\"noopener\">Liste aller Erkl\u00e4rungen des Theologischen Konvents Bekennender Gemeinschaften 1970-2004<\/a><\/li><li><a href=\"https:\/\/www.ikbg.net\/pdf\/veroeffauftrthk.pdf\" target=\"_blank\" rel=\"noopener\">Liste aller Ver\u00f6ffentlichungen im Auftrag des Theologischen Konvents<\/a><\/li><\/ul>\t\t\t\t\t\t\t\t<\/div>\n\t\t\t\t<\/div>\n\t\t\t\t\t<\/div>\n\t\t<\/div>\n\t\t\t\t\t<\/div>\n\t\t<\/section>\n\t\t\t\t<section class=\"elementor-section elementor-top-section elementor-element elementor-element-3d3483e elementor-section-boxed elementor-section-height-default elementor-section-height-default\" data-id=\"3d3483e\" data-element_type=\"section\" data-e-type=\"section\" data-settings=\"{&quot;background_background&quot;:&quot;classic&quot;}\">\n\t\t\t\t\t\t<div class=\"elementor-container elementor-column-gap-default\">\n\t\t\t\t\t<div class=\"elementor-column elementor-col-100 elementor-top-column elementor-element elementor-element-c3d4e71\" data-id=\"c3d4e71\" data-element_type=\"column\" data-e-type=\"column\">\n\t\t\t<div class=\"elementor-widget-wrap elementor-element-populated\">\n\t\t\t\t\t\t<div class=\"elementor-element elementor-element-0aea382 elementor-widget elementor-widget-heading\" data-id=\"0aea382\" data-element_type=\"widget\" data-e-type=\"widget\" data-widget_type=\"heading.default\">\n\t\t\t\t<div class=\"elementor-widget-container\">\n\t\t\t\t\t<h2 class=\"elementor-heading-title elementor-size-default\">Further publications<\/h2>\t\t\t\t<\/div>\n\t\t\t\t<\/div>\n\t\t\t\t<section class=\"elementor-section elementor-inner-section elementor-element elementor-element-182b399 elementor-section-boxed elementor-section-height-default elementor-section-height-default\" data-id=\"182b399\" data-element_type=\"section\" data-e-type=\"section\">\n\t\t\t\t\t\t<div class=\"elementor-container elementor-column-gap-default\">\n\t\t\t\t\t<div class=\"elementor-column elementor-col-33 elementor-inner-column elementor-element elementor-element-569f460\" data-id=\"569f460\" data-element_type=\"column\" data-e-type=\"column\" data-settings=\"{&quot;background_background&quot;:&quot;classic&quot;}\">\n\t\t\t<div class=\"elementor-widget-wrap elementor-element-populated\">\n\t\t\t\t\t\t<div class=\"elementor-element elementor-element-626bb30 elementor-cta--valign-top elementor-widget__width-inherit elementor-widget-mobile__width-inherit elementor-widget-laptop__width-inherit elementor-cta--skin-classic elementor-animated-content elementor-widget elementor-widget-call-to-action\" data-id=\"626bb30\" data-element_type=\"widget\" data-e-type=\"widget\" data-widget_type=\"call-to-action.default\">\n\t\t\t\t<div class=\"elementor-widget-container\">\n\t\t\t\t\t\t\t<a class=\"elementor-cta\" href=\"https:\/\/www.ikbg.net\/en\/veroeffentlichungen\/theological-statements\/\">\n\t\t\t\t\t<div class=\"elementor-cta__bg-wrapper\">\n\t\t\t\t<div class=\"elementor-cta__bg elementor-bg\" style=\"background-image: url(https:\/\/www.ikbg.net\/wp-content\/uploads\/2023\/04\/theologische-erklaerungen-teaser-v2.jpg);\" role=\"img\" aria-label=\"theologische-erklaerungen-teaser-v2\"><\/div>\n\t\t\t\t<div class=\"elementor-cta__bg-overlay\"><\/div>\n\t\t\t<\/div>\n\t\t\t\t\t\t\t<div class=\"elementor-cta__content\">\n\t\t\t\t\n\t\t\t\t\t\t\t\t\t<h4 class=\"elementor-cta__title elementor-cta__content-item elementor-content-item\">\n\t\t\t\t\t\tTheological Statements\t\t\t\t\t<\/h4>\n\t\t\t\t\n\t\t\t\t\n\t\t\t\t\t\t\t\t\t<div class=\"elementor-cta__button-wrapper elementor-cta__content-item elementor-content-item \">\n\t\t\t\t\t<span class=\"elementor-cta__button elementor-button elementor-size-md\">\n\t\t\t\t\t\tMore information\t\t\t\t\t<\/span>\n\t\t\t\t\t<\/div>\n\t\t\t\t\t\t\t<\/div>\n\t\t\t\t\t\t<\/a>\n\t\t\t\t\t\t<\/div>\n\t\t\t\t<\/div>\n\t\t\t\t\t<\/div>\n\t\t<\/div>\n\t\t\t\t<div class=\"elementor-column elementor-col-33 elementor-inner-column elementor-element elementor-element-11a606a\" data-id=\"11a606a\" data-element_type=\"column\" data-e-type=\"column\" data-settings=\"{&quot;background_background&quot;:&quot;classic&quot;}\">\n\t\t\t<div class=\"elementor-widget-wrap elementor-element-populated\">\n\t\t\t\t\t\t<div class=\"elementor-element elementor-element-142e5b5 elementor-cta--valign-top elementor-widget__width-inherit elementor-widget-mobile__width-inherit elementor-widget-laptop__width-inherit elementor-cta--skin-classic elementor-animated-content elementor-widget elementor-widget-call-to-action\" data-id=\"142e5b5\" data-element_type=\"widget\" data-e-type=\"widget\" data-widget_type=\"call-to-action.default\">\n\t\t\t\t<div class=\"elementor-widget-container\">\n\t\t\t\t\t\t\t<a class=\"elementor-cta\" href=\"https:\/\/www.ikbg.net\/en\/veroeffentlichungen\/sermons-and-lectures\/\">\n\t\t\t\t\t<div class=\"elementor-cta__bg-wrapper\">\n\t\t\t\t<div class=\"elementor-cta__bg elementor-bg\" style=\"background-image: url(https:\/\/www.ikbg.net\/wp-content\/uploads\/PredigtenVortraege-iStock-1279486900.jpg);\" role=\"img\" aria-label=\"IKBG - Predigten und Vortr\u00e4ge\"><\/div>\n\t\t\t\t<div class=\"elementor-cta__bg-overlay\"><\/div>\n\t\t\t<\/div>\n\t\t\t\t\t\t\t<div class=\"elementor-cta__content\">\n\t\t\t\t\n\t\t\t\t\t\t\t\t\t<h4 class=\"elementor-cta__title elementor-cta__content-item elementor-content-item\">\n\t\t\t\t\t\tSermons and Lectures\t\t\t\t\t<\/h4>\n\t\t\t\t\n\t\t\t\t\n\t\t\t\t\t\t\t\t\t<div class=\"elementor-cta__button-wrapper elementor-cta__content-item elementor-content-item \">\n\t\t\t\t\t<span class=\"elementor-cta__button elementor-button elementor-size-md\">\n\t\t\t\t\t\tMore information\t\t\t\t\t<\/span>\n\t\t\t\t\t<\/div>\n\t\t\t\t\t\t\t<\/div>\n\t\t\t\t\t\t<\/a>\n\t\t\t\t\t\t<\/div>\n\t\t\t\t<\/div>\n\t\t\t\t\t<\/div>\n\t\t<\/div>\n\t\t\t\t<div class=\"elementor-column elementor-col-33 elementor-inner-column elementor-element elementor-element-d5e10ca\" data-id=\"d5e10ca\" data-element_type=\"column\" data-e-type=\"column\" data-settings=\"{&quot;background_background&quot;:&quot;classic&quot;}\">\n\t\t\t<div class=\"elementor-widget-wrap elementor-element-populated\">\n\t\t\t\t\t\t<div class=\"elementor-element elementor-element-8cc8c69 elementor-cta--valign-top elementor-widget__width-inherit elementor-widget-mobile__width-inherit elementor-widget-laptop__width-inherit elementor-widget-tablet__width-initial elementor-cta--skin-classic elementor-animated-content elementor-widget elementor-widget-call-to-action\" data-id=\"8cc8c69\" data-element_type=\"widget\" data-e-type=\"widget\" data-widget_type=\"call-to-action.default\">\n\t\t\t\t<div class=\"elementor-widget-container\">\n\t\t\t\t\t\t\t<a class=\"elementor-cta\" href=\"https:\/\/www.ikbg.net\/en\/home-publications\/publications\/\">\n\t\t\t\t\t<div class=\"elementor-cta__bg-wrapper\">\n\t\t\t\t<div class=\"elementor-cta__bg elementor-bg\" style=\"background-image: url(https:\/\/www.ikbg.net\/wp-content\/uploads\/Publikationen-shstock_170760092.jpg);\" role=\"img\" aria-label=\"IKBG - Publikationen\"><\/div>\n\t\t\t\t<div class=\"elementor-cta__bg-overlay\"><\/div>\n\t\t\t<\/div>\n\t\t\t\t\t\t\t<div class=\"elementor-cta__content\">\n\t\t\t\t\n\t\t\t\t\t\t\t\t\t<h4 class=\"elementor-cta__title elementor-cta__content-item elementor-content-item\">\n\t\t\t\t\t\tPublications\t\t\t\t\t<\/h4>\n\t\t\t\t\n\t\t\t\t\n\t\t\t\t\t\t\t\t\t<div class=\"elementor-cta__button-wrapper elementor-cta__content-item elementor-content-item \">\n\t\t\t\t\t<span class=\"elementor-cta__button elementor-button elementor-size-md\">\n\t\t\t\t\t\tMore information\t\t\t\t\t<\/span>\n\t\t\t\t\t<\/div>\n\t\t\t\t\t\t\t<\/div>\n\t\t\t\t\t\t<\/a>\n\t\t\t\t\t\t<\/div>\n\t\t\t\t<\/div>\n\t\t\t\t\t<\/div>\n\t\t<\/div>\n\t\t\t\t\t<\/div>\n\t\t<\/section>\n\t\t\t\t\t<\/div>\n\t\t<\/div>\n\t\t\t\t\t<\/div>\n\t\t<\/section>\n\t\t\t\t<\/div>\n\t\t","protected":false},"excerpt":{"rendered":"<p>Theological Statements Salzburger Erkl\u00e4rung 2015 Die Salzburger Erkl\u00e4rung (Kurzfassung) Die Salzburger Erkl\u00e4rung (Originalfassung) T\u00fcbinger Pfingstaufruf 2013 Tuebinger Pfingstaufruf 2013 Langfassung Tuebinger Pfingstaufruf 2013 Kurzfassung Goslar-Botschaft &#8211; Das Kreuz Christi, die Mitte des Heils Warum mu\u00dfte Jesus sterben? Warum Menschen aufgrund des Kreuzes Vergebung der S\u00fcnden und Erl\u00f6sung empfangen. Kreuz Christi Orientierungshilfe \u2013 Teil 1 Kreuz [&hellip;]<\/p>\n","protected":false},"author":2,"featured_media":0,"parent":4208,"menu_order":0,"comment_status":"closed","ping_status":"closed","template":"","meta":{"_acf_changed":false,"footnotes":""},"class_list":["post-4211","page","type-page","status-publish","hentry"],"acf":[],"_links":{"self":[{"href":"https:\/\/www.ikbg.net\/en\/wp-json\/wp\/v2\/pages\/4211","targetHints":{"allow":["GET"]}}],"collection":[{"href":"https:\/\/www.ikbg.net\/en\/wp-json\/wp\/v2\/pages"}],"about":[{"href":"https:\/\/www.ikbg.net\/en\/wp-json\/wp\/v2\/types\/page"}],"author":[{"embeddable":true,"href":"https:\/\/www.ikbg.net\/en\/wp-json\/wp\/v2\/users\/2"}],"replies":[{"embeddable":true,"href":"https:\/\/www.ikbg.net\/en\/wp-json\/wp\/v2\/comments?post=4211"}],"version-history":[{"count":17,"href":"https:\/\/www.ikbg.net\/en\/wp-json\/wp\/v2\/pages\/4211\/revisions"}],"predecessor-version":[{"id":4596,"href":"https:\/\/www.ikbg.net\/en\/wp-json\/wp\/v2\/pages\/4211\/revisions\/4596"}],"up":[{"embeddable":true,"href":"https:\/\/www.ikbg.net\/en\/wp-json\/wp\/v2\/pages\/4208"}],"wp:attachment":[{"href":"https:\/\/www.ikbg.net\/en\/wp-json\/wp\/v2\/media?parent=4211"}],"curies":[{"name":"wp","href":"https:\/\/api.w.org\/{rel}","templated":true}]}}