{"id":4158,"date":"2023-04-06T10:55:03","date_gmt":"2023-04-06T08:55:03","guid":{"rendered":"https:\/\/www.ikbg.net\/startseite\/theologische-komission\/"},"modified":"2026-03-05T17:34:28","modified_gmt":"2026-03-05T16:34:28","slug":"theological-commission","status":"publish","type":"page","link":"https:\/\/www.ikbg.net\/en\/about-us\/theological-commission\/","title":{"rendered":"Theological Commission"},"content":{"rendered":"\t\t<div data-elementor-type=\"wp-page\" data-elementor-id=\"4158\" class=\"elementor elementor-4158 elementor-633\" data-elementor-post-type=\"page\">\n\t\t\t\t\t\t<section class=\"elementor-section elementor-top-section elementor-element elementor-element-370c9f18 elementor-section-full_width elementor-section-stretched elementor-section-height-default elementor-section-height-default\" data-id=\"370c9f18\" data-element_type=\"section\" data-e-type=\"section\" data-settings=\"{&quot;stretch_section&quot;:&quot;section-stretched&quot;,&quot;background_background&quot;:&quot;classic&quot;}\">\n\t\t\t\t\t\t<div class=\"elementor-container elementor-column-gap-default\">\n\t\t\t\t\t<div class=\"elementor-column elementor-col-50 elementor-top-column elementor-element elementor-element-6d67517c\" data-id=\"6d67517c\" data-element_type=\"column\" data-e-type=\"column\" data-settings=\"{&quot;background_background&quot;:&quot;classic&quot;}\">\n\t\t\t<div class=\"elementor-widget-wrap elementor-element-populated\">\n\t\t\t\t\t\t<div class=\"elementor-element elementor-element-74e85b06 elementor-widget elementor-widget-spacer\" data-id=\"74e85b06\" data-element_type=\"widget\" data-e-type=\"widget\" data-widget_type=\"spacer.default\">\n\t\t\t\t<div class=\"elementor-widget-container\">\n\t\t\t\t\t\t\t<div class=\"elementor-spacer\">\n\t\t\t<div class=\"elementor-spacer-inner\"><\/div>\n\t\t<\/div>\n\t\t\t\t\t\t<\/div>\n\t\t\t\t<\/div>\n\t\t\t\t\t<\/div>\n\t\t<\/div>\n\t\t\t\t<div class=\"elementor-column elementor-col-50 elementor-top-column elementor-element elementor-element-7b09bcdc\" data-id=\"7b09bcdc\" data-element_type=\"column\" data-e-type=\"column\">\n\t\t\t<div class=\"elementor-widget-wrap elementor-element-populated\">\n\t\t\t\t\t\t<div class=\"elementor-element elementor-element-6a650649 elementor-widget-laptop__width-initial elementor-widget elementor-widget-heading\" data-id=\"6a650649\" data-element_type=\"widget\" data-e-type=\"widget\" data-widget_type=\"heading.default\">\n\t\t\t\t<div class=\"elementor-widget-container\">\n\t\t\t\t\t<h2 class=\"elementor-heading-title elementor-size-default\">The Theological Commission<\/h2>\t\t\t\t<\/div>\n\t\t\t\t<\/div>\n\t\t\t\t<div class=\"elementor-element elementor-element-3027015f elementor-widget__width-initial elementor-widget-mobile__width-inherit elementor-widget elementor-widget-text-editor\" data-id=\"3027015f\" data-element_type=\"widget\" data-e-type=\"widget\" data-widget_type=\"text-editor.default\">\n\t\t\t\t<div class=\"elementor-widget-container\">\n\t\t\t\t\t\t\t\t\t<p>The theological commission acts as an advisory board of the IKBG\/ICN in theological matters. Its thirteen members are all highly qualified theologians, and Pastor Gaston Nogrady \u200b serves as its chair.<\/p>\t\t\t\t\t\t\t\t<\/div>\n\t\t\t\t<\/div>\n\t\t\t\t\t<\/div>\n\t\t<\/div>\n\t\t\t\t\t<\/div>\n\t\t<\/section>\n\t\t\t\t<section class=\"elementor-section elementor-top-section elementor-element elementor-element-3d7e21c elementor-section-content-middle elementor-reverse-mobile elementor-section-boxed elementor-section-height-default elementor-section-height-default\" data-id=\"3d7e21c\" data-element_type=\"section\" data-e-type=\"section\" id=\"nogrady\" data-settings=\"{&quot;background_background&quot;:&quot;classic&quot;}\">\n\t\t\t\t\t\t\t<div class=\"elementor-background-overlay\"><\/div>\n\t\t\t\t\t\t\t<div class=\"elementor-container elementor-column-gap-no\">\n\t\t\t\t\t<div class=\"elementor-column elementor-col-50 elementor-top-column elementor-element elementor-element-80dade6\" data-id=\"80dade6\" data-element_type=\"column\" data-e-type=\"column\">\n\t\t\t<div class=\"elementor-widget-wrap elementor-element-populated\">\n\t\t\t\t\t\t<div class=\"elementor-element elementor-element-61070e6 elementor-widget elementor-widget-image\" data-id=\"61070e6\" data-element_type=\"widget\" data-e-type=\"widget\" data-widget_type=\"image.default\">\n\t\t\t\t<div class=\"elementor-widget-container\">\n\t\t\t\t\t\t\t\t\t\t\t\t\t\t\t<img fetchpriority=\"high\" decoding=\"async\" width=\"600\" height=\"700\" src=\"https:\/\/www.ikbg.net\/wp-content\/uploads\/Pfarrer-Gaston-Nogrady-v2.jpg\" class=\"attachment-full size-full wp-image-4557\" alt=\"Pfarrer Gaston Nogrady\" srcset=\"https:\/\/www.ikbg.net\/wp-content\/uploads\/Pfarrer-Gaston-Nogrady-v2.jpg 600w, https:\/\/www.ikbg.net\/wp-content\/uploads\/Pfarrer-Gaston-Nogrady-v2-257x300.jpg 257w\" sizes=\"(max-width: 600px) 100vw, 600px\" \/>\t\t\t\t\t\t\t\t\t\t\t\t\t\t\t<\/div>\n\t\t\t\t<\/div>\n\t\t\t\t<section class=\"elementor-section elementor-inner-section elementor-element elementor-element-f11d5df elementor-section-boxed elementor-section-height-default elementor-section-height-default\" data-id=\"f11d5df\" data-element_type=\"section\" data-e-type=\"section\" data-settings=\"{&quot;background_background&quot;:&quot;classic&quot;}\">\n\t\t\t\t\t\t<div class=\"elementor-container elementor-column-gap-default\">\n\t\t\t\t\t<div class=\"elementor-column elementor-col-100 elementor-inner-column elementor-element elementor-element-582160d\" data-id=\"582160d\" data-element_type=\"column\" data-e-type=\"column\" data-settings=\"{&quot;background_background&quot;:&quot;classic&quot;}\">\n\t\t\t<div class=\"elementor-widget-wrap elementor-element-populated\">\n\t\t\t\t\t\t<div class=\"elementor-element elementor-element-657e8ce elementor-widget elementor-widget-heading\" data-id=\"657e8ce\" data-element_type=\"widget\" data-e-type=\"widget\" data-widget_type=\"heading.default\">\n\t\t\t\t<div class=\"elementor-widget-container\">\n\t\t\t\t\t<h2 class=\"elementor-heading-title elementor-size-default\">Contact<\/h2>\t\t\t\t<\/div>\n\t\t\t\t<\/div>\n\t\t\t\t<div class=\"elementor-element elementor-element-613c083 elementor-align-center elementor-widget elementor-widget-button\" data-id=\"613c083\" data-element_type=\"widget\" data-e-type=\"widget\" data-widget_type=\"button.default\">\n\t\t\t\t<div class=\"elementor-widget-container\">\n\t\t\t\t\t\t\t\t\t<div class=\"elementor-button-wrapper\">\n\t\t\t\t\t<a class=\"elementor-button elementor-button-link elementor-size-xs\" href=\"mailto:gaston.nogrady@ikbg.net\">\n\t\t\t\t\t\t<span class=\"elementor-button-content-wrapper\">\n\t\t\t\t\t\t<span class=\"elementor-button-icon\">\n\t\t\t\t<svg xmlns=\"http:\/\/www.w3.org\/2000\/svg\" width=\"24\" height=\"24\" fill-rule=\"evenodd\" clip-rule=\"evenodd\"><path d=\"M21.883 12l-7.527 6.235.644.765 9-7.521-9-7.479-.645.764 7.529 6.236h-21.884v1h21.883z\"><\/path><\/svg>\t\t\t<\/span>\n\t\t\t\t\t\t\t\t\t<span class=\"elementor-button-text\">Send email<\/span>\n\t\t\t\t\t<\/span>\n\t\t\t\t\t<\/a>\n\t\t\t\t<\/div>\n\t\t\t\t\t\t\t\t<\/div>\n\t\t\t\t<\/div>\n\t\t\t\t\t<\/div>\n\t\t<\/div>\n\t\t\t\t\t<\/div>\n\t\t<\/section>\n\t\t\t\t\t<\/div>\n\t\t<\/div>\n\t\t\t\t<div class=\"elementor-column elementor-col-50 elementor-top-column elementor-element elementor-element-835e939\" data-id=\"835e939\" data-element_type=\"column\" data-e-type=\"column\">\n\t\t\t<div class=\"elementor-widget-wrap elementor-element-populated\">\n\t\t\t\t\t\t<div class=\"elementor-element elementor-element-07346c1 elementor-widget-tablet__width-inherit elementor-widget elementor-widget-heading\" data-id=\"07346c1\" data-element_type=\"widget\" data-e-type=\"widget\" data-widget_type=\"heading.default\">\n\t\t\t\t<div class=\"elementor-widget-container\">\n\t\t\t\t\t<h2 class=\"elementor-heading-title elementor-size-default\">Pfarrer Gaston Nogrady <\/h2>\t\t\t\t<\/div>\n\t\t\t\t<\/div>\n\t\t\t\t<div class=\"elementor-element elementor-element-b61caf6 elementor-widget elementor-widget-heading\" data-id=\"b61caf6\" data-element_type=\"widget\" data-e-type=\"widget\" data-widget_type=\"heading.default\">\n\t\t\t\t<div class=\"elementor-widget-container\">\n\t\t\t\t\t<div class=\"elementor-heading-title elementor-size-default\">Chairman of the Theological Commission<\/div>\t\t\t\t<\/div>\n\t\t\t\t<\/div>\n\t\t\t\t<div class=\"elementor-element elementor-element-be2bd0f liste elementor-widget elementor-widget-text-editor\" data-id=\"be2bd0f\" data-element_type=\"widget\" data-e-type=\"widget\" data-widget_type=\"text-editor.default\">\n\t\t\t\t<div class=\"elementor-widget-container\">\n\t\t\t\t\t\t\t\t\t<p data-start=\"0\" data-end=\"370\">Gaston Nogrady, born in 1964 in Hameln, studied theology in T\u00fcbingen. There he also worked as a research assistant at the Institute for Mission Studies and Ecumenical Theology under Prof. Peter Beyerhaus. Later, he joined the Institute for Church Law and the Law on Church\u2013State Relations of the EKD in G\u00f6ttingen as a research assistant to Prof. Axel von Campenhausen.<\/p><p data-start=\"372\" data-end=\"540\">After completing his theological studies, he undertook his vicariate in M\u00fcden\/\u00d6rtze, and since 1995 he has been a pastor in the Evangelical Lutheran Church of Saxony.<\/p><p data-start=\"542\" data-end=\"762\">Pastor Gaston Nogrady holds a Magister in Liturgical Studies. He is a co-founder of the Saxon Confessional Initiative and has been a member of the Regional Synod of the Evangelical Lutheran Church of Saxony since 2014.<\/p>\t\t\t\t\t\t\t\t<\/div>\n\t\t\t\t<\/div>\n\t\t\t\t\t<\/div>\n\t\t<\/div>\n\t\t\t\t\t<\/div>\n\t\t<\/section>\n\t\t\t\t<section class=\"elementor-section elementor-top-section elementor-element elementor-element-5deea030 elementor-section-content-middle elementor-reverse-mobile elementor-hidden-desktop elementor-hidden-laptop elementor-hidden-tablet elementor-hidden-mobile elementor-section-boxed elementor-section-height-default elementor-section-height-default\" data-id=\"5deea030\" data-element_type=\"section\" data-e-type=\"section\" id=\"ziele\" data-settings=\"{&quot;background_background&quot;:&quot;classic&quot;}\">\n\t\t\t\t\t\t\t<div class=\"elementor-background-overlay\"><\/div>\n\t\t\t\t\t\t\t<div class=\"elementor-container elementor-column-gap-no\">\n\t\t\t\t\t<div class=\"elementor-column elementor-col-50 elementor-top-column elementor-element elementor-element-11a9392c\" data-id=\"11a9392c\" data-element_type=\"column\" data-e-type=\"column\">\n\t\t\t<div class=\"elementor-widget-wrap elementor-element-populated\">\n\t\t\t\t\t\t<div class=\"elementor-element elementor-element-3a7b3715 elementor-widget elementor-widget-image\" data-id=\"3a7b3715\" data-element_type=\"widget\" data-e-type=\"widget\" data-widget_type=\"image.default\">\n\t\t\t\t<div class=\"elementor-widget-container\">\n\t\t\t\t\t\t\t\t\t\t\t\t\t\t\t<img decoding=\"async\" width=\"112\" height=\"112\" src=\"https:\/\/www.ikbg.net\/wp-content\/uploads\/2023\/04\/werner-neuer.jpg\" class=\"attachment-full size-full wp-image-1544\" alt=\"\" \/>\t\t\t\t\t\t\t\t\t\t\t\t\t\t\t<\/div>\n\t\t\t\t<\/div>\n\t\t\t\t<section class=\"elementor-section elementor-inner-section elementor-element elementor-element-37f32146 elementor-section-boxed elementor-section-height-default elementor-section-height-default\" data-id=\"37f32146\" data-element_type=\"section\" data-e-type=\"section\" data-settings=\"{&quot;background_background&quot;:&quot;classic&quot;}\">\n\t\t\t\t\t\t<div class=\"elementor-container elementor-column-gap-default\">\n\t\t\t\t\t<div class=\"elementor-column elementor-col-100 elementor-inner-column elementor-element elementor-element-705d8f02\" data-id=\"705d8f02\" data-element_type=\"column\" data-e-type=\"column\" data-settings=\"{&quot;background_background&quot;:&quot;classic&quot;}\">\n\t\t\t<div class=\"elementor-widget-wrap elementor-element-populated\">\n\t\t\t\t\t\t<div class=\"elementor-element elementor-element-561bc4df elementor-widget elementor-widget-heading\" data-id=\"561bc4df\" data-element_type=\"widget\" data-e-type=\"widget\" data-widget_type=\"heading.default\">\n\t\t\t\t<div class=\"elementor-widget-container\">\n\t\t\t\t\t<h2 class=\"elementor-heading-title elementor-size-default\">Contact<\/h2>\t\t\t\t<\/div>\n\t\t\t\t<\/div>\n\t\t\t\t<div class=\"elementor-element elementor-element-119f4825 elementor-align-center elementor-widget elementor-widget-button\" data-id=\"119f4825\" data-element_type=\"widget\" data-e-type=\"widget\" data-widget_type=\"button.default\">\n\t\t\t\t<div class=\"elementor-widget-container\">\n\t\t\t\t\t\t\t\t\t<div class=\"elementor-button-wrapper\">\n\t\t\t\t\t<a class=\"elementor-button elementor-button-link elementor-size-xs\" href=\"mailto:werner.neuer@ikbg.net\">\n\t\t\t\t\t\t<span class=\"elementor-button-content-wrapper\">\n\t\t\t\t\t\t<span class=\"elementor-button-icon\">\n\t\t\t\t<svg xmlns=\"http:\/\/www.w3.org\/2000\/svg\" width=\"24\" height=\"24\" fill-rule=\"evenodd\" clip-rule=\"evenodd\"><path d=\"M21.883 12l-7.527 6.235.644.765 9-7.521-9-7.479-.645.764 7.529 6.236h-21.884v1h21.883z\"><\/path><\/svg>\t\t\t<\/span>\n\t\t\t\t\t\t\t\t\t<span class=\"elementor-button-text\">Send email<\/span>\n\t\t\t\t\t<\/span>\n\t\t\t\t\t<\/a>\n\t\t\t\t<\/div>\n\t\t\t\t\t\t\t\t<\/div>\n\t\t\t\t<\/div>\n\t\t\t\t\t<\/div>\n\t\t<\/div>\n\t\t\t\t\t<\/div>\n\t\t<\/section>\n\t\t\t\t\t<\/div>\n\t\t<\/div>\n\t\t\t\t<div class=\"elementor-column elementor-col-50 elementor-top-column elementor-element elementor-element-593f3283\" data-id=\"593f3283\" data-element_type=\"column\" data-e-type=\"column\">\n\t\t\t<div class=\"elementor-widget-wrap elementor-element-populated\">\n\t\t\t\t\t\t<div class=\"elementor-element elementor-element-6e1b1c14 elementor-widget-tablet__width-inherit elementor-widget elementor-widget-heading\" data-id=\"6e1b1c14\" data-element_type=\"widget\" data-e-type=\"widget\" data-widget_type=\"heading.default\">\n\t\t\t\t<div class=\"elementor-widget-container\">\n\t\t\t\t\t<h2 class=\"elementor-heading-title elementor-size-default\">Dozent Dr. theol. Werner Neuer<\/h2>\t\t\t\t<\/div>\n\t\t\t\t<\/div>\n\t\t\t\t<div class=\"elementor-element elementor-element-1c52bdc4 elementor-widget elementor-widget-heading\" data-id=\"1c52bdc4\" data-element_type=\"widget\" data-e-type=\"widget\" data-widget_type=\"heading.default\">\n\t\t\t\t<div class=\"elementor-widget-container\">\n\t\t\t\t\t<div class=\"elementor-heading-title elementor-size-default\">Chairman<\/div>\t\t\t\t<\/div>\n\t\t\t\t<\/div>\n\t\t\t\t<div class=\"elementor-element elementor-element-4dbe4faf liste elementor-widget elementor-widget-text-editor\" data-id=\"4dbe4faf\" data-element_type=\"widget\" data-e-type=\"widget\" data-widget_type=\"text-editor.default\">\n\t\t\t\t<div class=\"elementor-widget-container\">\n\t\t\t\t\t\t\t\t\t<p>Dr. Werner Neuer, born in 1951, studied history and Protestant theology in Heidelberg and T\u00fcbingen and earned a doctorate under Prof. Ratschow (Marburg) with a dissertation on the dogmatic foundations of Christian ethics. The dissertation was awarded the J.T. Beck-Prize. A three year research grant for study of the Adolf-Schlatter-Archive led to his writing a scholarly biography of Adolf Schlatter, which found international recognition.<\/p><p>After his vicariate, 1986-88, in two W\u00fcrttemberg parishes, he was ordained in 1989. Since1990, Dr. Werner Neuer has devoted himself entirely to scholarly work, first as research assistant at the Institut f\u00fcr Missionswissenschaft und \u00d6kumenische Theologie (Universit\u00e4t T\u00fcbingen) until 1997, then as co-worker of Prof. Karl Rennstich at the Pastoralkolleg Stift Urach.<\/p><p>From 1999 to 2000, he was active as the theological expert in the Amt f\u00fcr missionarische Dienste of the w\u00fcrtt. Landeskirche, and, since 2000, he is a lecturer for dogmatics, ethics, ecumenism, comparative religion, and theology of the religions at the Theologisches Seminar St. Chrischona (CH) and since 2009\/10 also at the Gustav-Siewerth-Akademie (GSA) und at the Staatlich-unabh\u00e4ngigen Hochschule Basels (STH). He has published a large number of books, encyclopaedia articles and other essays.<\/p><p>In 2010, Dr. Werner Neuer became chairman of the Theological Commission of the IKBG. He is married and the father of 4 sons and 3 daughters.<\/p>\t\t\t\t\t\t\t\t<\/div>\n\t\t\t\t<\/div>\n\t\t\t\t\t<\/div>\n\t\t<\/div>\n\t\t\t\t\t<\/div>\n\t\t<\/section>\n\t\t\t\t<section class=\"elementor-section elementor-top-section elementor-element elementor-element-0804c68 elementor-section-content-middle elementor-reverse-tablet elementor-reverse-mobile elementor-section-boxed elementor-section-height-default elementor-section-height-default\" data-id=\"0804c68\" data-element_type=\"section\" data-e-type=\"section\" data-settings=\"{&quot;background_background&quot;:&quot;classic&quot;}\">\n\t\t\t\t\t\t\t<div class=\"elementor-background-overlay\"><\/div>\n\t\t\t\t\t\t\t<div class=\"elementor-container elementor-column-gap-no\">\n\t\t\t\t\t<div class=\"elementor-column elementor-col-50 elementor-top-column elementor-element elementor-element-0ccaf36\" data-id=\"0ccaf36\" data-element_type=\"column\" data-e-type=\"column\">\n\t\t\t<div class=\"elementor-widget-wrap elementor-element-populated\">\n\t\t\t\t\t\t<div class=\"elementor-element elementor-element-6dbe23f elementor-widget elementor-widget-heading\" data-id=\"6dbe23f\" data-element_type=\"widget\" data-e-type=\"widget\" data-widget_type=\"heading.default\">\n\t\t\t\t<div class=\"elementor-widget-container\">\n\t\t\t\t\t<h2 class=\"elementor-heading-title elementor-size-default\">Members and Friends:<\/h2>\t\t\t\t<\/div>\n\t\t\t\t<\/div>\n\t\t\t\t<div class=\"elementor-element elementor-element-3054aee liste elementor-widget elementor-widget-text-editor\" data-id=\"3054aee\" data-element_type=\"widget\" data-e-type=\"widget\" data-widget_type=\"text-editor.default\">\n\t\t\t\t<div class=\"elementor-widget-container\">\n\t\t\t\t\t\t\t\t\t<ul><li>Pastor Burkhard Affeld<\/li><li>Dr. theol. Peter Chr. D\u00fcren<\/li><li>Prof. Dr. phil Edith D\u00fcsing<\/li><li>Drs. Dorothea R. Killus<\/li><li>Prof. Dr. Wolfgang Leisenberg<\/li><li><a href=\"https:\/\/www.ikbg.net\/en\/about-us\/ikbg-board#ruess\">Pastor Ulrich R\u00fc\u00df<\/a><\/li><li>Prof. Dr. theol. G\u00fcnther<\/li><li>Rudolf Schmidt<\/li><li>Pfr. Eberhard Troeger<\/li><li>Prof. Dr. Jaroslav Vokoun\u00a0<\/li><li><a href=\"https:\/\/www.ikbg.net\/losungen\/donnerstag-den-31-12-2026\/\">Pastor Gaston Nogrady<\/a><\/li><li><a href=\"https:\/\/www.ikbg.net\/en\/about-us\/ikbg-board#spaeth\">Andreas Sp\u00e4th<\/a><\/li><\/ul>\t\t\t\t\t\t\t\t<\/div>\n\t\t\t\t<\/div>\n\t\t\t\t\t<\/div>\n\t\t<\/div>\n\t\t\t\t<div class=\"elementor-column elementor-col-50 elementor-top-column elementor-element elementor-element-a2280ec\" data-id=\"a2280ec\" data-element_type=\"column\" data-e-type=\"column\" data-settings=\"{&quot;background_background&quot;:&quot;classic&quot;}\">\n\t\t\t<div class=\"elementor-widget-wrap elementor-element-populated\">\n\t\t\t\t\t\t<div class=\"elementor-element elementor-element-55e9446 elementor-widget__width-inherit elementor-widget elementor-widget-image\" data-id=\"55e9446\" data-element_type=\"widget\" data-e-type=\"widget\" data-widget_type=\"image.default\">\n\t\t\t\t<div class=\"elementor-widget-container\">\n\t\t\t\t\t\t\t\t\t\t\t\t\t\t\t<img decoding=\"async\" width=\"800\" height=\"600\" src=\"https:\/\/www.ikbg.net\/wp-content\/uploads\/Theologische-Kommision-shustck_56845153.jpg\" class=\"attachment-full size-full wp-image-3961\" alt=\"IKBG - Th\" srcset=\"https:\/\/www.ikbg.net\/wp-content\/uploads\/Theologische-Kommision-shustck_56845153.jpg 800w, https:\/\/www.ikbg.net\/wp-content\/uploads\/Theologische-Kommision-shustck_56845153-300x225.jpg 300w, https:\/\/www.ikbg.net\/wp-content\/uploads\/Theologische-Kommision-shustck_56845153-768x576.jpg 768w\" sizes=\"(max-width: 800px) 100vw, 800px\" \/>\t\t\t\t\t\t\t\t\t\t\t\t\t\t\t<\/div>\n\t\t\t\t<\/div>\n\t\t\t\t\t<\/div>\n\t\t<\/div>\n\t\t\t\t\t<\/div>\n\t\t<\/section>\n\t\t\t\t<\/div>\n\t\t","protected":false},"excerpt":{"rendered":"<p>The Theological Commission The theological commission acts as an advisory board of the IKBG\/ICN in theological matters. Its thirteen members are all highly qualified theologians, and Pastor Gaston Nogrady \u200b serves as its chair. Contact Send email Pfarrer Gaston Nogrady Chairman of the Theological Commission Gaston Nogrady, born in 1964 in Hameln, studied theology in [&hellip;]<\/p>\n","protected":false},"author":2,"featured_media":0,"parent":289,"menu_order":1,"comment_status":"closed","ping_status":"closed","template":"","meta":{"_acf_changed":false,"footnotes":""},"class_list":["post-4158","page","type-page","status-publish","hentry"],"acf":[],"_links":{"self":[{"href":"https:\/\/www.ikbg.net\/en\/wp-json\/wp\/v2\/pages\/4158","targetHints":{"allow":["GET"]}}],"collection":[{"href":"https:\/\/www.ikbg.net\/en\/wp-json\/wp\/v2\/pages"}],"about":[{"href":"https:\/\/www.ikbg.net\/en\/wp-json\/wp\/v2\/types\/page"}],"author":[{"embeddable":true,"href":"https:\/\/www.ikbg.net\/en\/wp-json\/wp\/v2\/users\/2"}],"replies":[{"embeddable":true,"href":"https:\/\/www.ikbg.net\/en\/wp-json\/wp\/v2\/comments?post=4158"}],"version-history":[{"count":26,"href":"https:\/\/www.ikbg.net\/en\/wp-json\/wp\/v2\/pages\/4158\/revisions"}],"predecessor-version":[{"id":6451,"href":"https:\/\/www.ikbg.net\/en\/wp-json\/wp\/v2\/pages\/4158\/revisions\/6451"}],"up":[{"embeddable":true,"href":"https:\/\/www.ikbg.net\/en\/wp-json\/wp\/v2\/pages\/289"}],"wp:attachment":[{"href":"https:\/\/www.ikbg.net\/en\/wp-json\/wp\/v2\/media?parent=4158"}],"curies":[{"name":"wp","href":"https:\/\/api.w.org\/{rel}","templated":true}]}}