{"id":4157,"date":"2023-04-06T10:55:03","date_gmt":"2023-04-06T08:55:03","guid":{"rendered":"https:\/\/www.ikbg.net\/startseite\/mitglieder-und-freunde\/"},"modified":"2023-06-10T11:10:58","modified_gmt":"2023-06-10T09:10:58","slug":"member-and-friends","status":"publish","type":"page","link":"https:\/\/www.ikbg.net\/en\/about-us\/member-and-friends\/","title":{"rendered":"Members an Friends"},"content":{"rendered":"\t\t<div data-elementor-type=\"wp-page\" data-elementor-id=\"4157\" class=\"elementor elementor-4157 elementor-635\" data-elementor-post-type=\"page\">\n\t\t\t\t\t\t<section class=\"elementor-section elementor-top-section elementor-element elementor-element-706cfdc6 elementor-section-full_width elementor-section-stretched elementor-section-height-default elementor-section-height-default\" data-id=\"706cfdc6\" data-element_type=\"section\" data-e-type=\"section\" data-settings=\"{&quot;stretch_section&quot;:&quot;section-stretched&quot;,&quot;background_background&quot;:&quot;classic&quot;}\">\n\t\t\t\t\t\t<div class=\"elementor-container elementor-column-gap-default\">\n\t\t\t\t\t<div class=\"elementor-column elementor-col-50 elementor-top-column elementor-element elementor-element-53810dee\" data-id=\"53810dee\" data-element_type=\"column\" data-e-type=\"column\" data-settings=\"{&quot;background_background&quot;:&quot;classic&quot;}\">\n\t\t\t<div class=\"elementor-widget-wrap elementor-element-populated\">\n\t\t\t\t\t\t<div class=\"elementor-element elementor-element-5046d9ef elementor-widget elementor-widget-spacer\" data-id=\"5046d9ef\" data-element_type=\"widget\" data-e-type=\"widget\" data-widget_type=\"spacer.default\">\n\t\t\t\t<div class=\"elementor-widget-container\">\n\t\t\t\t\t\t\t<div class=\"elementor-spacer\">\n\t\t\t<div class=\"elementor-spacer-inner\"><\/div>\n\t\t<\/div>\n\t\t\t\t\t\t<\/div>\n\t\t\t\t<\/div>\n\t\t\t\t\t<\/div>\n\t\t<\/div>\n\t\t\t\t<div class=\"elementor-column elementor-col-50 elementor-top-column elementor-element elementor-element-12388e7d\" data-id=\"12388e7d\" data-element_type=\"column\" data-e-type=\"column\">\n\t\t\t<div class=\"elementor-widget-wrap elementor-element-populated\">\n\t\t\t\t\t\t<div class=\"elementor-element elementor-element-62658c8e elementor-widget-laptop__width-initial elementor-widget elementor-widget-heading\" data-id=\"62658c8e\" data-element_type=\"widget\" data-e-type=\"widget\" data-widget_type=\"heading.default\">\n\t\t\t\t<div class=\"elementor-widget-container\">\n\t\t\t\t\t<h2 class=\"elementor-heading-title elementor-size-default\">Members an Friends<\/h2>\t\t\t\t<\/div>\n\t\t\t\t<\/div>\n\t\t\t\t<div class=\"elementor-element elementor-element-37f26581 elementor-widget__width-initial elementor-widget-mobile__width-inherit elementor-widget elementor-widget-text-editor\" data-id=\"37f26581\" data-element_type=\"widget\" data-e-type=\"widget\" data-widget_type=\"text-editor.default\">\n\t\t\t\t<div class=\"elementor-widget-container\">\n\t\t\t\t\t\t\t\t\t<p>The statutes of the Conference envisage both personal and corporate membership. An individual can become a personal member by application and acceptance by the Board. Churches, ecclesial communities, and spiritual movements can become corporate members with the approval of the Assembly of Members.<\/p>\t\t\t\t\t\t\t\t<\/div>\n\t\t\t\t<\/div>\n\t\t\t\t\t<\/div>\n\t\t<\/div>\n\t\t\t\t\t<\/div>\n\t\t<\/section>\n\t\t\t\t<section class=\"elementor-section elementor-top-section elementor-element elementor-element-633b2fa6 elementor-section-content-middle elementor-reverse-mobile elementor-section-boxed elementor-section-height-default elementor-section-height-default\" data-id=\"633b2fa6\" data-element_type=\"section\" data-e-type=\"section\" id=\"ziele\" data-settings=\"{&quot;background_background&quot;:&quot;classic&quot;}\">\n\t\t\t\t\t\t\t<div class=\"elementor-background-overlay\"><\/div>\n\t\t\t\t\t\t\t<div class=\"elementor-container elementor-column-gap-no\">\n\t\t\t\t\t<div class=\"elementor-column elementor-col-100 elementor-top-column elementor-element elementor-element-6b02b697\" data-id=\"6b02b697\" data-element_type=\"column\" data-e-type=\"column\">\n\t\t\t<div class=\"elementor-widget-wrap elementor-element-populated\">\n\t\t\t\t\t\t<div class=\"elementor-element elementor-element-2e6bf076 elementor-widget elementor-widget-heading\" data-id=\"2e6bf076\" data-element_type=\"widget\" data-e-type=\"widget\" data-widget_type=\"heading.default\">\n\t\t\t\t<div class=\"elementor-widget-container\">\n\t\t\t\t\t<h2 class=\"elementor-heading-title elementor-size-default\">Corporate members:<\/h2>\t\t\t\t<\/div>\n\t\t\t\t<\/div>\n\t\t\t\t<div class=\"elementor-element elementor-element-3558112 liste elementor-widget elementor-widget-text-editor\" data-id=\"3558112\" data-element_type=\"widget\" data-e-type=\"widget\" data-widget_type=\"text-editor.default\">\n\t\t\t\t<div class=\"elementor-widget-container\">\n\t\t\t\t\t\t\t\t\t<ul><li>Konferenz Bekennender Gemeinschaften in den Evangelischen Kirchen Deutschlands<\/li><li>Kirkelig Sammling omkring Bibel og Bekjennele (Norwegen)<\/li><li>Kirkens ja og nej (D\u00e4nemark)<\/li><li>Reformatorisch Interkerkelijk Bezinningsverband (Niederlande)<\/li><li>United Christian Action (S\u00fcdafrika)<\/li><li>Gospel Defense League (S\u00fcdafrika)<\/li><li>Christians for Truth (S\u00fcdafrika)<\/li><li>Korean Evangelical Fellowship (Korea)<\/li><li>Sammlung um Christus und sein Wort (Schweiz)<\/li><li>Arbeitsgemeinschaft Bekennender Christen in \u00d6sterreich<\/li><li>Gesellschaft f\u00fcr innere und \u00e4u\u00dfere Mission Neuendettelsau<\/li><li>North American Lutheran Church (NALC)<\/li><li>Fraternitas Sacerdotalis Oratorii (Rev. Mons. Frederick Haas)<\/li><\/ul>\t\t\t\t\t\t\t\t<\/div>\n\t\t\t\t<\/div>\n\t\t\t\t\t<\/div>\n\t\t<\/div>\n\t\t\t\t\t<\/div>\n\t\t<\/section>\n\t\t\t\t<section class=\"elementor-section elementor-top-section elementor-element elementor-element-ddb73d8 elementor-section-content-middle elementor-section-boxed elementor-section-height-default elementor-section-height-default\" data-id=\"ddb73d8\" data-element_type=\"section\" data-e-type=\"section\" data-settings=\"{&quot;background_background&quot;:&quot;classic&quot;}\">\n\t\t\t\t\t\t\t<div class=\"elementor-background-overlay\"><\/div>\n\t\t\t\t\t\t\t<div class=\"elementor-container elementor-column-gap-no\">\n\t\t\t\t\t<div class=\"elementor-column elementor-col-50 elementor-top-column elementor-element elementor-element-30f52de\" data-id=\"30f52de\" data-element_type=\"column\" data-e-type=\"column\">\n\t\t\t<div class=\"elementor-widget-wrap elementor-element-populated\">\n\t\t\t\t\t\t<div class=\"elementor-element elementor-element-987fa2b elementor-widget elementor-widget-image\" data-id=\"987fa2b\" data-element_type=\"widget\" data-e-type=\"widget\" data-widget_type=\"image.default\">\n\t\t\t\t<div class=\"elementor-widget-container\">\n\t\t\t\t\t\t\t\t\t\t\t\t\t\t\t<img fetchpriority=\"high\" decoding=\"async\" width=\"800\" height=\"505\" src=\"https:\/\/www.ikbg.net\/wp-content\/uploads\/2023\/03\/temp4.jpg\" class=\"attachment-large size-large wp-image-393\" alt=\"\" srcset=\"https:\/\/www.ikbg.net\/wp-content\/uploads\/2023\/03\/temp4.jpg 902w, https:\/\/www.ikbg.net\/wp-content\/uploads\/2023\/03\/temp4-300x189.jpg 300w, https:\/\/www.ikbg.net\/wp-content\/uploads\/2023\/03\/temp4-768x484.jpg 768w\" sizes=\"(max-width: 800px) 100vw, 800px\" \/>\t\t\t\t\t\t\t\t\t\t\t\t\t\t\t<\/div>\n\t\t\t\t<\/div>\n\t\t\t\t\t<\/div>\n\t\t<\/div>\n\t\t\t\t<div class=\"elementor-column elementor-col-50 elementor-top-column elementor-element elementor-element-3dc2b5e\" data-id=\"3dc2b5e\" data-element_type=\"column\" data-e-type=\"column\">\n\t\t\t<div class=\"elementor-widget-wrap elementor-element-populated\">\n\t\t\t\t\t\t<div class=\"elementor-element elementor-element-56b0334 elementor-widget elementor-widget-heading\" data-id=\"56b0334\" data-element_type=\"widget\" data-e-type=\"widget\" data-widget_type=\"heading.default\">\n\t\t\t\t<div class=\"elementor-widget-container\">\n\t\t\t\t\t<h2 class=\"elementor-heading-title elementor-size-default\">Friends:<\/h2>\t\t\t\t<\/div>\n\t\t\t\t<\/div>\n\t\t\t\t<div class=\"elementor-element elementor-element-259589c elementor-widget elementor-widget-heading\" data-id=\"259589c\" data-element_type=\"widget\" data-e-type=\"widget\" data-widget_type=\"heading.default\">\n\t\t\t\t<div class=\"elementor-widget-container\">\n\t\t\t\t\t<h3 class=\"elementor-heading-title elementor-size-default\">Close relations are maintained with the following ecclesial and spiritual communities:<\/h3>\t\t\t\t<\/div>\n\t\t\t\t<\/div>\n\t\t\t\t<div class=\"elementor-element elementor-element-fc712d4 liste elementor-widget elementor-widget-text-editor\" data-id=\"fc712d4\" data-element_type=\"widget\" data-e-type=\"widget\" data-widget_type=\"text-editor.default\">\n\t\t\t\t<div class=\"elementor-widget-container\">\n\t\t\t\t\t\t\t\t\t<ul>\n \t<li>The Evangelisch-Lutherische Kirche in Lettland<\/li>\n \t<li>The Freie Synode and the Missionsprovinz of the Schwedische Kirche as well as the Anglican movement Forward in Faith.<\/li>\n<\/ul>\t\t\t\t\t\t\t\t<\/div>\n\t\t\t\t<\/div>\n\t\t\t\t<div class=\"elementor-element elementor-element-8349389 liste elementor-widget elementor-widget-text-editor\" data-id=\"8349389\" data-element_type=\"widget\" data-e-type=\"widget\" data-widget_type=\"text-editor.default\">\n\t\t\t\t<div class=\"elementor-widget-container\">\n\t\t\t\t\t\t\t\t\t<p>In addition, friendly relations are maintained with the Forum Deutscher Katholiken, the Greek-Orthodox Metropoly in Germany, the Syrian-Orthodox and the Coptic-Orthodox Churches in Germany.<\/p><p>Informational contacts are also maintained with the Papal Council for Promoting Christian Unity.<\/p>\t\t\t\t\t\t\t\t<\/div>\n\t\t\t\t<\/div>\n\t\t\t\t\t<\/div>\n\t\t<\/div>\n\t\t\t\t\t<\/div>\n\t\t<\/section>\n\t\t\t\t<\/div>\n\t\t","protected":false},"excerpt":{"rendered":"<p>Members an Friends The statutes of the Conference envisage both personal and corporate membership. An individual can become a personal member by application and acceptance by the Board. Churches, ecclesial communities, and spiritual movements can become corporate members with the approval of the Assembly of Members. Corporate members: Konferenz Bekennender Gemeinschaften in den Evangelischen Kirchen [&hellip;]<\/p>\n","protected":false},"author":2,"featured_media":0,"parent":289,"menu_order":2,"comment_status":"closed","ping_status":"closed","template":"","meta":{"_acf_changed":false,"footnotes":""},"class_list":["post-4157","page","type-page","status-publish","hentry"],"acf":[],"_links":{"self":[{"href":"https:\/\/www.ikbg.net\/en\/wp-json\/wp\/v2\/pages\/4157","targetHints":{"allow":["GET"]}}],"collection":[{"href":"https:\/\/www.ikbg.net\/en\/wp-json\/wp\/v2\/pages"}],"about":[{"href":"https:\/\/www.ikbg.net\/en\/wp-json\/wp\/v2\/types\/page"}],"author":[{"embeddable":true,"href":"https:\/\/www.ikbg.net\/en\/wp-json\/wp\/v2\/users\/2"}],"replies":[{"embeddable":true,"href":"https:\/\/www.ikbg.net\/en\/wp-json\/wp\/v2\/comments?post=4157"}],"version-history":[{"count":8,"href":"https:\/\/www.ikbg.net\/en\/wp-json\/wp\/v2\/pages\/4157\/revisions"}],"predecessor-version":[{"id":4225,"href":"https:\/\/www.ikbg.net\/en\/wp-json\/wp\/v2\/pages\/4157\/revisions\/4225"}],"up":[{"embeddable":true,"href":"https:\/\/www.ikbg.net\/en\/wp-json\/wp\/v2\/pages\/289"}],"wp:attachment":[{"href":"https:\/\/www.ikbg.net\/en\/wp-json\/wp\/v2\/media?parent=4157"}],"curies":[{"name":"wp","href":"https:\/\/api.w.org\/{rel}","templated":true}]}}